{"id":139,"date":"2022-04-21T01:06:17","date_gmt":"2022-04-20T22:06:17","guid":{"rendered":"http:\/\/kocaelivho.org.tr\/?page_id=139"},"modified":"2022-04-21T01:14:42","modified_gmt":"2022-04-20T22:14:42","slug":"bolge-veteriner-hekimleri-odalari","status":"publish","type":"page","link":"https:\/\/www.kocaelivho.org.tr\/?page_id=139","title":{"rendered":"B\u00f6lge Veteriner Hekimleri Odalar\u0131"},"content":{"rendered":"\n<h5 class=\"wp-block-heading\">Adana Veteriner Hekimleri Odas\u0131<\/h5>\n\n\n\n<figure class=\"wp-block-table\"><table><tbody><tr><td>Telefon:<\/td><td>(322) 352-3140<\/td><\/tr><tr><td>Faks:<\/td><td>(322) 351-1028<\/td><\/tr><tr><td>Kurulu\u015f Tarihi:<\/td><td>1955<\/td><\/tr><\/tbody><\/table><\/figure>\n\n\n\n<p>WEB S\u0130TES\u0130<\/p>\n\n\n\n<hr class=\"wp-block-separator is-style-dots\"\/>\n\n\n\n<h5 class=\"wp-block-heading\">Ad\u0131yaman Veteriner Hekimleri Odas\u0131<\/h5>\n\n\n\n<figure class=\"wp-block-table\"><table><tbody><tr><td>Telefon:<\/td><td>(416) 213-1155<\/td><\/tr><tr><td>Faks:<\/td><td>(416) 213-1155<\/td><\/tr><tr><td>Kurulu\u015f Tarihi:<\/td><td>2007<\/td><\/tr><\/tbody><\/table><\/figure>\n\n\n\n<p><a href=\"https:\/\/adiyamanvho.org\/\">WEB S\u0130TES\u0130<\/a><\/p>\n\n\n\n<hr class=\"wp-block-separator is-style-dots\"\/>\n\n\n\n<h5 class=\"wp-block-heading\">Afyon Veteriner Hekimleri Odas\u0131<\/h5>\n\n\n\n<figure class=\"wp-block-table\"><table><tbody><tr><td>Telefon:<\/td><td>(272) 214-4131<\/td><\/tr><tr><td>Faks:<\/td><td>(272) 214-4131<\/td><\/tr><tr><td>Kurulu\u015f Tarihi:<\/td><td>1968<\/td><\/tr><\/tbody><\/table><\/figure>\n\n\n\n<p><a href=\"http:\/\/afyonvho.org\/\">WEB S\u0130TES\u0130<\/a><\/p>\n\n\n\n<hr class=\"wp-block-separator is-style-dots\"\/>\n\n\n\n<h5 class=\"wp-block-heading\">Aksaray Veteriner Hekimleri Odas\u0131<\/h5>\n\n\n\n<figure class=\"wp-block-table\"><table><tbody><tr><td>Telefon:<\/td><td>(382) 213-4567<\/td><\/tr><tr><td>Faks:<\/td><td>(382) 213-4567<\/td><\/tr><tr><td>Kurulu\u015f Tarihi:<\/td><td>1998<\/td><\/tr><\/tbody><\/table><\/figure>\n\n\n\n<p>WEB S\u0130TES\u0130<\/p>\n\n\n\n<hr class=\"wp-block-separator is-style-dots\"\/>\n\n\n\n<h5 class=\"wp-block-heading\">Amasya Veteriner Hekimleri Odas\u0131<\/h5>\n\n\n\n<figure class=\"wp-block-table\"><table><tbody><tr><td>Telefon:<\/td><td>(358) 212-3630<\/td><\/tr><tr><td>Faks:<\/td><td>(358) 212-3630<\/td><\/tr><tr><td>Kurulu\u015f Tarihi:<\/td><td>2005<\/td><\/tr><\/tbody><\/table><\/figure>\n\n\n\n<p>WEB S\u0130TES\u0130<\/p>\n\n\n\n<hr class=\"wp-block-separator is-style-dots\"\/>\n\n\n\n<h5 class=\"wp-block-heading\">Ankara B\u00f6lgesi Veteriner Hekimleri Odas\u0131<\/h5>\n\n\n\n<figure class=\"wp-block-table\"><table><tbody><tr><td>Telefon:<\/td><td>(312) 431-6275<\/td><\/tr><tr><td>Faks:<\/td><td>(312) 433-1242<\/td><\/tr><tr><td>Kurulu\u015f Tarihi:<\/td><td>1954<\/td><\/tr><\/tbody><\/table><\/figure>\n\n\n\n<p><a href=\"https:\/\/www.avho.org.tr\/\">WEB S\u0130TES\u0130<\/a><\/p>\n\n\n\n<hr class=\"wp-block-separator has-text-color has-background has-vivid-cyan-blue-background-color has-vivid-cyan-blue-color is-style-dots\"\/>\n\n\n\n<h5 class=\"wp-block-heading\">Antalya Veteriner Hekimleri Odas\u0131<\/h5>\n\n\n\n<figure class=\"wp-block-table\"><table><tbody><tr><td>Telefon:<\/td><td>(242) 325-9214<\/td><\/tr><tr><td>Faks:<\/td><td>(242) 325-9353<\/td><\/tr><tr><td>Kurulu\u015f Tarihi:<\/td><td>1978<\/td><\/tr><\/tbody><\/table><\/figure>\n\n\n\n<p><a href=\"http:\/\/www.antvho.com\/\">WEB S\u0130TES\u0130<\/a><\/p>\n\n\n\n<hr class=\"wp-block-separator is-style-dots\"\/>\n\n\n\n<h5 class=\"wp-block-heading\">Ayd\u0131n Veteriner Hekimleri Odas\u0131<\/h5>\n\n\n\n<figure class=\"wp-block-table\"><table><tbody><tr><td>Telefon:<\/td><td>(256) 214-0436<\/td><\/tr><tr><td>Faks:<\/td><td>(256) 214-0435<\/td><\/tr><tr><td>Kurulu\u015f Tarihi:<\/td><td>1994<\/td><\/tr><\/tbody><\/table><\/figure>\n\n\n\n<p><a href=\"http:\/\/www.aydinvho.org\/\">WEB S\u0130TES\u0130<\/a><\/p>\n\n\n\n<hr class=\"wp-block-separator is-style-dots\"\/>\n\n\n\n<h5 class=\"wp-block-heading\">Bal\u0131kesir Veteriner Hekimleri Odas\u0131<\/h5>\n\n\n\n<figure class=\"wp-block-table\"><table><tbody><tr><td>Telefon:<\/td><td>(266) 245-8337<\/td><\/tr><tr><td>Faks:<\/td><td>(266) 244-3302<\/td><\/tr><tr><td>Kurulu\u015f Tarihi:<\/td><td>1954<\/td><\/tr><\/tbody><\/table><\/figure>\n\n\n\n<p><a href=\"http:\/\/www.balikesirvho.org.tr\/\">WEB S\u0130TES\u0130<\/a><\/p>\n\n\n\n<hr class=\"wp-block-separator is-style-dots\"\/>\n\n\n\n<h5 class=\"wp-block-heading\">Bolu B\u00f6lgesi Veteriner Hekimleri Odas\u0131<\/h5>\n\n\n\n<figure class=\"wp-block-table\"><table><tbody><tr><td>Telefon:<\/td><td>(374) 215-3574<\/td><\/tr><tr><td>Faks:<\/td><td>(374) 215-3574<\/td><\/tr><tr><td>Kurulu\u015f Tarihi:<\/td><td>1994<\/td><\/tr><\/tbody><\/table><\/figure>\n\n\n\n<p><a href=\"http:\/\/www.boluvho.org.tr\/\">WEB S\u0130TES\u0130<\/a><\/p>\n\n\n\n<hr class=\"wp-block-separator is-style-dots\"\/>\n\n\n\n<h5 class=\"wp-block-heading\">Burdur Veteriner Hekimleri Odas\u0131<\/h5>\n\n\n\n<figure class=\"wp-block-table\"><table><tbody><tr><td>Telefon:<\/td><td>(248) 234-3476<\/td><\/tr><tr><td>Faks:<\/td><td>(248) 234-3476<\/td><\/tr><tr><td>Kurulu\u015f Tarihi:<\/td><td>1992<\/td><\/tr><\/tbody><\/table><\/figure>\n\n\n\n<p><a href=\"http:\/\/www.burdurvho.org\/\">WEB S\u0130TES\u0130<\/a><\/p>\n\n\n\n<hr class=\"wp-block-separator is-style-dots\"\/>\n\n\n\n<h5 class=\"wp-block-heading\">Bursa Veteriner Hekimleri Odas\u0131<\/h5>\n\n\n\n<figure class=\"wp-block-table\"><table><tbody><tr><td>Telefon:<\/td><td>(224) 452-4854<\/td><\/tr><tr><td>Faks:<\/td><td>(224) 452-4850<\/td><\/tr><tr><td>Kurulu\u015f Tarihi:<\/td><td>1954<\/td><\/tr><\/tbody><\/table><\/figure>\n\n\n\n<p><a href=\"http:\/\/www.bursavho.org\/\">WEB S\u0130TES\u0130<\/a><\/p>\n\n\n\n<hr class=\"wp-block-separator is-style-dots\"\/>\n\n\n\n<h5 class=\"wp-block-heading\">\u00c7anakkale Veteriner Hekimleri Odas\u0131<\/h5>\n\n\n\n<figure class=\"wp-block-table\"><table><tbody><tr><td>Telefon:<\/td><td>(286) 212-2274<\/td><\/tr><tr><td>Faks:<\/td><td>(286) 212-2772<\/td><\/tr><tr><td>Kurulu\u015f Tarihi:<\/td><td>1994<\/td><\/tr><\/tbody><\/table><\/figure>\n\n\n\n<p><a href=\"https:\/\/www.canakkalevho.org\/\">WEB S\u0130TES\u0130<\/a><\/p>\n\n\n\n<hr class=\"wp-block-separator is-style-dots\"\/>\n\n\n\n<h5 class=\"wp-block-heading\">\u00c7orum Veteriner Hekimleri Odas\u0131<\/h5>\n\n\n\n<figure class=\"wp-block-table\"><table><tbody><tr><td>Telefon:<\/td><td>(364) 224-7431<\/td><\/tr><tr><td>Faks:<\/td><td>(364) 711-6526<\/td><\/tr><tr><td>Kurulu\u015f Tarihi:<\/td><td>2009<\/td><\/tr><\/tbody><\/table><\/figure>\n\n\n\n<p>WEB S\u0130TES\u0130<\/p>\n\n\n\n<hr class=\"wp-block-separator is-style-dots\"\/>\n\n\n\n<h5 class=\"wp-block-heading\">Denizli Veteriner Hekimleri Odas\u0131<\/h5>\n\n\n\n<figure class=\"wp-block-table\"><table><tbody><tr><td>Telefon:<\/td><td>(258) 265-7273<\/td><\/tr><tr><td>Faks:<\/td><td>(258) 265-7273<\/td><\/tr><tr><td>Kurulu\u015f Tarihi:<\/td><td>1992<\/td><\/tr><\/tbody><\/table><\/figure>\n\n\n\n<p><a href=\"http:\/\/www.denizlivho.org.tr\/\">WEB S\u0130TES\u0130<\/a><\/p>\n\n\n\n<hr class=\"wp-block-separator is-style-dots\"\/>\n\n\n\n<h5 class=\"wp-block-heading\">Diyarbak\u0131r Veteriner Hekimleri Odas\u0131<\/h5>\n\n\n\n<figure class=\"wp-block-table\"><table><tbody><tr><td>Telefon:<\/td><td>(412) 224-8006<\/td><\/tr><tr><td>Faks:<\/td><td>(412) 224-8006<\/td><\/tr><tr><td>Kurulu\u015f Tarihi:<\/td><td>1954<\/td><\/tr><\/tbody><\/table><\/figure>\n\n\n\n<p><a href=\"http:\/\/www.diyvho.com\/\">WEB S\u0130TES\u0130<\/a><\/p>\n\n\n\n<hr class=\"wp-block-separator is-style-dots\"\/>\n\n\n\n<h5 class=\"wp-block-heading\">D\u00fczce Veteriner Hekimleri Odas\u0131<\/h5>\n\n\n\n<figure class=\"wp-block-table\"><table><tbody><tr><td>Telefon:<\/td><td>(380) 735-3699<\/td><\/tr><tr><td>Faks:<\/td><td>(380) 735-4030<\/td><\/tr><tr><td>Kurulu\u015f Tarihi:<\/td><td>2010<\/td><\/tr><\/tbody><\/table><\/figure>\n\n\n\n<p>WEB S\u0130TES\u0130<\/p>\n\n\n\n<hr class=\"wp-block-separator is-style-dots\"\/>\n\n\n\n<h5 class=\"wp-block-heading\">Elaz\u0131\u011f B\u00f6lgesi Veteriner Hekimleri Odas\u0131<\/h5>\n\n\n\n<figure class=\"wp-block-table\"><table><tbody><tr><td>Telefon:<\/td><td>(424) 238-9191<\/td><\/tr><tr><td>Faks:<\/td><td>(424) 238-9191<\/td><\/tr><tr><td>Kurulu\u015f Tarihi:<\/td><td>1971<\/td><\/tr><\/tbody><\/table><\/figure>\n\n\n\n<p><a href=\"https:\/\/www.elazigvho.com\/\">WEB S\u0130TES\u0130<\/a><\/p>\n\n\n\n<hr class=\"wp-block-separator is-style-dots\"\/>\n\n\n\n<h5 class=\"wp-block-heading\">Erzincan Veteriner Hekimleri Odas\u0131<\/h5>\n\n\n\n<figure class=\"wp-block-table\"><table><tbody><tr><td>Telefon:<\/td><td>(446) 214-5830<\/td><\/tr><tr><td>Faks:<\/td><td><\/td><\/tr><tr><td>Kurulu\u015f Tarihi:<\/td><td>2002<\/td><\/tr><\/tbody><\/table><\/figure>\n\n\n\n<p>WEB S\u0130TES\u0130<\/p>\n\n\n\n<hr class=\"wp-block-separator is-style-dots\"\/>\n\n\n\n<h5 class=\"wp-block-heading\">Erzurum B\u00f6lgesi&nbsp;Veteriner Hekimleri Odas\u0131<\/h5>\n\n\n\n<figure class=\"wp-block-table\"><table><tbody><tr><td>Telefon:<\/td><td>(442) 631-4193<\/td><\/tr><tr><td>Faks:<\/td><td>(442) 631-4188<\/td><\/tr><tr><td>Kurulu\u015f Tarihi:<\/td><td>1954<\/td><\/tr><\/tbody><\/table><\/figure>\n\n\n\n<p><a href=\"http:\/\/www.erzurumvho.org.tr\/\">WEB S\u0130TES\u0130<\/a><\/p>\n\n\n\n<hr class=\"wp-block-separator is-style-dots\"\/>\n\n\n\n<h5 class=\"wp-block-heading\">Eski\u015fehir &#8211; Bilecik B\u00f6lgesi Veteriner Hekimleri Odas\u0131<\/h5>\n\n\n\n<figure class=\"wp-block-table\"><table><tbody><tr><td>Telefon:<\/td><td>(222) 221-7480<\/td><\/tr><tr><td>Faks:<\/td><td>(222) 221-7480<\/td><\/tr><tr><td>Kurulu\u015f Tarihi:<\/td><td>1954<\/td><\/tr><\/tbody><\/table><\/figure>\n\n\n\n<p><a href=\"http:\/\/eskisehirvho.org\/\">WEB S\u0130TES\u0130<\/a><\/p>\n\n\n\n<hr class=\"wp-block-separator is-style-dots\"\/>\n\n\n\n<h5 class=\"wp-block-heading\">Gaziantep B\u00f6lgesi Veteriner Hekimlerii Odas\u0131<\/h5>\n\n\n\n<figure class=\"wp-block-table\"><table><tbody><tr><td>Telefon:<\/td><td>(342) 326-2029<\/td><\/tr><tr><td>Faks:<\/td><td>(342) 326-2012<\/td><\/tr><tr><td>Kurulu\u015f Tarihi:<\/td><td>1990<\/td><\/tr><\/tbody><\/table><\/figure>\n\n\n\n<p><a href=\"https:\/\/www.gaziantepvho.org\/\">WEB S\u0130TES\u0130<\/a><\/p>\n\n\n\n<hr class=\"wp-block-separator is-style-dots\"\/>\n\n\n\n<h5 class=\"wp-block-heading\">Giresun Veteriner Hekimleri Odas\u0131<\/h5>\n\n\n\n<figure class=\"wp-block-table\"><table><tbody><tr><td>Telefon:<\/td><td>(454) 214-1141<\/td><\/tr><tr><td>Faks:<\/td><td>(454) 215-0095<\/td><\/tr><tr><td>Kurulu\u015f Tarihi:<\/td><td>1994<\/td><\/tr><\/tbody><\/table><\/figure>\n\n\n\n<p><a href=\"http:\/\/www.giresunvho.org.tr\/\">WEB S\u0130TES\u0130<\/a><\/p>\n\n\n\n<hr class=\"wp-block-separator is-style-dots\"\/>\n\n\n\n<h5 class=\"wp-block-heading\">Hatay Veteriner Hekimleri Odas\u0131<\/h5>\n\n\n\n<figure class=\"wp-block-table\"><table><tbody><tr><td>Telefon:<\/td><td>(326) 225-3383<\/td><\/tr><tr><td>Faks:<\/td><td>(326) 225-3334<\/td><\/tr><tr><td>Kurulu\u015f Tarihi:<\/td><td>1992<\/td><\/tr><\/tbody><\/table><\/figure>\n\n\n\n<p>WEB S\u0130TES\u0130<\/p>\n\n\n\n<hr class=\"wp-block-separator is-style-dots\"\/>\n\n\n\n<h5 class=\"wp-block-heading\">Isparta Veteriner Hekimleri Odas\u0131<\/h5>\n\n\n\n<figure class=\"wp-block-table\"><table><tbody><tr><td>Telefon:<\/td><td>(246) 311-5544<\/td><\/tr><tr><td>Faks:<\/td><td><\/td><\/tr><tr><td>Kurulu\u015f Tarihi:<\/td><td>2002<\/td><\/tr><\/tbody><\/table><\/figure>\n\n\n\n<p>WEB S\u0130TES\u0130<\/p>\n\n\n\n<hr class=\"wp-block-separator is-style-dots\"\/>\n\n\n\n<h5 class=\"wp-block-heading\">\u0130stanbul Veteriner Hekimleri Odas\u0131<\/h5>\n\n\n\n<figure class=\"wp-block-table\"><table><tbody><tr><td>Telefon:<\/td><td>(212) 292-0100<\/td><\/tr><tr><td>Faks:<\/td><td>(212) 245-6016<\/td><\/tr><tr><td>Kurulu\u015f Tarihi:<\/td><td>1954<\/td><\/tr><\/tbody><\/table><\/figure>\n\n\n\n<p><a href=\"http:\/\/www.ivho.org.tr\/\">WEB S\u0130TES\u0130<\/a><\/p>\n\n\n\n<hr class=\"wp-block-separator is-style-dots\"\/>\n\n\n\n<h5 class=\"wp-block-heading\">\u0130zmir Veteriner Hekimleri Odas\u0131<\/h5>\n\n\n\n<figure class=\"wp-block-table\"><table><tbody><tr><td>Telefon:<\/td><td>(232) 465-1063<\/td><\/tr><tr><td>Faks:<\/td><td>(232) 465-1061<\/td><\/tr><tr><td>Kurulu\u015f Tarihi:<\/td><td>1954<\/td><\/tr><\/tbody><\/table><\/figure>\n\n\n\n<p><a href=\"http:\/\/izmir-vho.org\/\">WEB S\u0130TES\u0130<\/a><\/p>\n\n\n\n<hr class=\"wp-block-separator is-style-dots\"\/>\n\n\n\n<h5 class=\"wp-block-heading\">Kahramanmara\u015f Veteriner Hekimleri Odas\u0131<\/h5>\n\n\n\n<figure class=\"wp-block-table\"><table><tbody><tr><td>Telefon:<\/td><td>(344) 225-1646<\/td><\/tr><tr><td>Faks:<\/td><td>(344) 225-1646<\/td><\/tr><tr><td>Kurulu\u015f Tarihi:<\/td><td>2008<\/td><\/tr><\/tbody><\/table><\/figure>\n\n\n\n<p><a href=\"http:\/\/www.kmarasvho.org\/\">WEB S\u0130TES\u0130<\/a><\/p>\n\n\n\n<hr class=\"wp-block-separator is-style-dots\"\/>\n\n\n\n<h5 class=\"wp-block-heading\">Karaman Veteriner Hekimleri Odas\u0131<\/h5>\n\n\n\n<figure class=\"wp-block-table\"><table><tbody><tr><td>Telefon:<\/td><td>(338) 212-1270<\/td><\/tr><tr><td>Faks:<\/td><td>(338) 212-1270<\/td><\/tr><tr><td>Kurulu\u015f Tarihi:<\/td><td>2008<\/td><\/tr><\/tbody><\/table><\/figure>\n\n\n\n<p>WEB S\u0130TES\u0130<\/p>\n\n\n\n<hr class=\"wp-block-separator is-style-dots\"\/>\n\n\n\n<h5 class=\"wp-block-heading\">Kars Veteriner Hekimleri Odas\u0131<\/h5>\n\n\n\n<figure class=\"wp-block-table\"><table><tbody><tr><td>Telefon:<\/td><td>(850) 302-5813<\/td><\/tr><tr><td>Faks:<\/td><td><\/td><\/tr><tr><td>Kurulu\u015f Tarihi:<\/td><td>1989<\/td><\/tr><\/tbody><\/table><\/figure>\n\n\n\n<p><a href=\"http:\/\/www.karsvho.org.tr\/\">WEB S\u0130TES\u0130<\/a><\/p>\n\n\n\n<hr class=\"wp-block-separator is-style-dots\"\/>\n\n\n\n<h5 class=\"wp-block-heading\">Kastamonu Veteriner Hekimleri Odas\u0131<\/h5>\n\n\n\n<figure class=\"wp-block-table\"><table><tbody><tr><td>Telefon:<\/td><td>(366) 214-7065<\/td><\/tr><tr><td>Faks:<\/td><td>(366) 214-7065<\/td><\/tr><tr><td>Kurulu\u015f Tarihi:<\/td><td>2002<\/td><\/tr><\/tbody><\/table><\/figure>\n\n\n\n<p>WEB S\u0130TES\u0130<\/p>\n\n\n\n<hr class=\"wp-block-separator is-style-dots\"\/>\n\n\n\n<h5 class=\"wp-block-heading\">Kayseri Veteriner Hekimleri Odas\u0131<\/h5>\n\n\n\n<figure class=\"wp-block-table\"><table><tbody><tr><td>Telefon:<\/td><td>(352) 222-6109<\/td><\/tr><tr><td>Faks:<\/td><td>(352) 222-6507<\/td><\/tr><tr><td>Kurulu\u015f Tarihi:<\/td><td>1955<\/td><\/tr><\/tbody><\/table><\/figure>\n\n\n\n<p>WEB S\u0130TES\u0130<\/p>\n\n\n\n<hr class=\"wp-block-separator is-style-dots\"\/>\n\n\n\n<h5 class=\"wp-block-heading\">K\u0131r\u015fehir Veteriner Hekimleri Odas\u0131<\/h5>\n\n\n\n<figure class=\"wp-block-table\"><table><tbody><tr><td>Telefon:<\/td><td><\/td><\/tr><tr><td>Faks:<\/td><td><\/td><\/tr><tr><td>Kurulu\u015f Tarihi:<\/td><td>1994<\/td><\/tr><\/tbody><\/table><\/figure>\n\n\n\n<p>WEB S\u0130TES\u0130<\/p>\n\n\n\n<hr class=\"wp-block-separator is-style-dots\"\/>\n\n\n\n<h5 class=\"wp-block-heading\">Kocaeli Veteriner Hekimleri Odas\u0131<\/h5>\n\n\n\n<figure class=\"wp-block-table\"><table><tbody><tr><td>Telefon:<\/td><td>(262) 322-1170<\/td><\/tr><tr><td>Faks:<\/td><td>(262) 322-1170<\/td><\/tr><tr><td>Kurulu\u015f Tarihi:<\/td><td>1994<\/td><\/tr><\/tbody><\/table><\/figure>\n\n\n\n<p><a href=\"http:\/\/www.kocaelivho.org.tr\/\">WEB S\u0130TES\u0130<\/a><\/p>\n\n\n\n<hr class=\"wp-block-separator is-style-dots\"\/>\n\n\n\n<h5 class=\"wp-block-heading\">Konya Veteriner Hekimleri Odas\u0131<\/h5>\n\n\n\n<figure class=\"wp-block-table\"><table><tbody><tr><td>Telefon:<\/td><td>(332) 351-8216<\/td><\/tr><tr><td>Faks:<\/td><td>(332) 350-2487<\/td><\/tr><tr><td>Kurulu\u015f Tarihi:<\/td><td>1954<\/td><\/tr><\/tbody><\/table><\/figure>\n\n\n\n<p><a href=\"https:\/\/konyavho.org.tr\/\">WEB S\u0130TES\u0130<\/a><\/p>\n\n\n\n<hr class=\"wp-block-separator is-style-dots\"\/>\n\n\n\n<h5 class=\"wp-block-heading\">K\u00fctahya Veteriner Hekimleri Odas\u0131<\/h5>\n\n\n\n<figure class=\"wp-block-table\"><table><tbody><tr><td>Telefon:<\/td><td>(274) 223-2568<\/td><\/tr><tr><td>Faks:<\/td><td>(274) 223-2568<\/td><\/tr><tr><td>Kurulu\u015f Tarihi:<\/td><td>1994<\/td><\/tr><\/tbody><\/table><\/figure>\n\n\n\n<p>WEB S\u0130TES\u0130<\/p>\n\n\n\n<hr class=\"wp-block-separator is-style-dots\"\/>\n\n\n\n<h5 class=\"wp-block-heading\">Malatya Veteriner Hekimleri Odas\u0131<\/h5>\n\n\n\n<figure class=\"wp-block-table\"><table><tbody><tr><td>Telefon:<\/td><td>(422) 323-2625<\/td><\/tr><tr><td>Faks:<\/td><td>(422) 323-2625<\/td><\/tr><tr><td>Kurulu\u015f Tarihi:<\/td><td>1992<\/td><\/tr><\/tbody><\/table><\/figure>\n\n\n\n<p>WEB S\u0130TES\u0130<\/p>\n\n\n\n<hr class=\"wp-block-separator is-style-dots\"\/>\n\n\n\n<h5 class=\"wp-block-heading\">Manisa B\u00f6lgesi Veteriner Hekimlerii Odas\u0131<\/h5>\n\n\n\n<figure class=\"wp-block-table\"><table><tbody><tr><td>Telefon:<\/td><td>(236) 231-0560<\/td><\/tr><tr><td>Faks:<\/td><td>(236) 231-0560<\/td><\/tr><tr><td>Kurulu\u015f Tarihi:<\/td><td>2007<\/td><\/tr><\/tbody><\/table><\/figure>\n\n\n\n<p><a href=\"http:\/\/manisa-vho.org\/\">WEB S\u0130TES\u0130<\/a><\/p>\n\n\n\n<hr class=\"wp-block-separator is-style-dots\"\/>\n\n\n\n<h5 class=\"wp-block-heading\">Mardin Veteriner Hekimleri Odas\u0131<\/h5>\n\n\n\n<figure class=\"wp-block-table\"><table><tbody><tr><td>Telefon:<\/td><td>(482) 212-4665<\/td><\/tr><tr><td>Faks:<\/td><td>(482) 212-4664<\/td><\/tr><tr><td>Kurulu\u015f Tarihi:<\/td><td>2013<\/td><\/tr><\/tbody><\/table><\/figure>\n\n\n\n<p>WEB S\u0130TES\u0130<\/p>\n\n\n\n<hr class=\"wp-block-separator is-style-dots\"\/>\n\n\n\n<h5 class=\"wp-block-heading\">Mersin Veteriner Hekimleri Odas\u0131<\/h5>\n\n\n\n<figure class=\"wp-block-table\"><table><tbody><tr><td>Telefon:<\/td><td>(324) 337-5131<\/td><\/tr><tr><td>Faks:<\/td><td>(324) 337-5131<\/td><\/tr><tr><td>Kurulu\u015f Tarihi:<\/td><td>1987<\/td><\/tr><\/tbody><\/table><\/figure>\n\n\n\n<p><a href=\"http:\/\/mersinvho.org.tr\/\">WEB S\u0130TES\u0130<\/a><\/p>\n\n\n\n<hr class=\"wp-block-separator is-style-dots\"\/>\n\n\n\n<h5 class=\"wp-block-heading\">Mu\u011fla Veteriner Hekimleri Odas\u0131<\/h5>\n\n\n\n<figure class=\"wp-block-table\"><table><tbody><tr><td>Telefon:<\/td><td>(252) 212-5212<\/td><\/tr><tr><td>Faks:<\/td><td>(252) 212-1551<\/td><\/tr><tr><td>Kurulu\u015f Tarihi:<\/td><td>1996<\/td><\/tr><\/tbody><\/table><\/figure>\n\n\n\n<p><a href=\"https:\/\/mugla-vho.org\/\">WEB S\u0130TES\u0130<\/a><\/p>\n\n\n\n<hr class=\"wp-block-separator is-style-dots\"\/>\n\n\n\n<h5 class=\"wp-block-heading\">Nev\u015fehir Veteriner Hekimleri Odas\u0131<\/h5>\n\n\n\n<figure class=\"wp-block-table\"><table><tbody><tr><td>Telefon:<\/td><td>(384) 213-1384<\/td><\/tr><tr><td>Faks:<\/td><td>(384) 215-2055<\/td><\/tr><tr><td>Kurulu\u015f Tarihi:<\/td><td>2009<\/td><\/tr><\/tbody><\/table><\/figure>\n\n\n\n<p><a href=\"http:\/\/nevsehirvho.org\/\">WEB S\u0130TES\u0130<\/a><\/p>\n\n\n\n<hr class=\"wp-block-separator is-style-dots\"\/>\n\n\n\n<h5 class=\"wp-block-heading\">Ni\u011fde Veteriner Hekimleri Odas\u0131<\/h5>\n\n\n\n<figure class=\"wp-block-table\"><table><tbody><tr><td>Telefon:<\/td><td>(388) 232-3080<\/td><\/tr><tr><td>Faks:<\/td><td>(388) 212-0987<\/td><\/tr><tr><td>Kurulu\u015f Tarihi:<\/td><td>2010<\/td><\/tr><\/tbody><\/table><\/figure>\n\n\n\n<p>WEB S\u0130TES\u0130<\/p>\n\n\n\n<hr class=\"wp-block-separator is-style-dots\"\/>\n\n\n\n<h5 class=\"wp-block-heading\">Ordu Veteriner Hekimleri Odas\u0131<\/h5>\n\n\n\n<figure class=\"wp-block-table\"><table><tbody><tr><td>Telefon:<\/td><td>(452) 223-4949<\/td><\/tr><tr><td>Faks:<\/td><td>(452) 223-4949<\/td><\/tr><tr><td>Kurulu\u015f Tarihi:<\/td><td>2007<\/td><\/tr><\/tbody><\/table><\/figure>\n\n\n\n<p><a href=\"http:\/\/orduvho.org\/\">WEB S\u0130TES\u0130<\/a><\/p>\n\n\n\n<hr class=\"wp-block-separator is-style-dots\"\/>\n\n\n\n<h5 class=\"wp-block-heading\">Osmaniye Veteriner Hekimleri Odas\u0131<\/h5>\n\n\n\n<figure class=\"wp-block-table\"><table><tbody><tr><td>Telefon:<\/td><td>(328) 813-0565<\/td><\/tr><tr><td>Faks:<\/td><td><\/td><\/tr><tr><td>Kurulu\u015f Tarihi:<\/td><td>2010<\/td><\/tr><\/tbody><\/table><\/figure>\n\n\n\n<p>WEB S\u0130TES\u0130<\/p>\n\n\n\n<hr class=\"wp-block-separator is-style-dots\"\/>\n\n\n\n<h5 class=\"wp-block-heading\">Sakarya Veteriner Hekimleri Odas\u0131<\/h5>\n\n\n\n<figure class=\"wp-block-table\"><table><tbody><tr><td>Telefon:<\/td><td>(264) 279-2267<\/td><\/tr><tr><td>Faks:<\/td><td>(264) 279-2267<\/td><\/tr><tr><td>Kurulu\u015f Tarihi:<\/td><td>1954<\/td><\/tr><\/tbody><\/table><\/figure>\n\n\n\n<p><a href=\"http:\/\/www.svho.org\/tr\/\">WEB S\u0130TES\u0130<\/a><\/p>\n\n\n\n<hr class=\"wp-block-separator is-style-dots\"\/>\n\n\n\n<h5 class=\"wp-block-heading\">Samsun &#8211; Sinop Veterinerler Hekimleri Odas\u0131<\/h5>\n\n\n\n<figure class=\"wp-block-table\"><table><tbody><tr><td>Telefon:<\/td><td>(362) 230-4396<\/td><\/tr><tr><td>Faks:<\/td><td>(362) 230-5741<\/td><\/tr><tr><td>Kurulu\u015f Tarihi:<\/td><td>1954<\/td><\/tr><\/tbody><\/table><\/figure>\n\n\n\n<p><a href=\"https:\/\/www.svho.org.tr\/\">WEB S\u0130TES\u0130<\/a><\/p>\n\n\n\n<hr class=\"wp-block-separator is-style-dots\"\/>\n\n\n\n<h5 class=\"wp-block-heading\">\u015eanl\u0131urfa Veteriner Hekimleri Odas\u0131<\/h5>\n\n\n\n<figure class=\"wp-block-table\"><table><tbody><tr><td>Telefon:<\/td><td>(414) 315-7576<\/td><\/tr><tr><td>Faks:<\/td><td>(414) 315-7576<\/td><\/tr><tr><td>Kurulu\u015f Tarihi:<\/td><td>1992<\/td><\/tr><\/tbody><\/table><\/figure>\n\n\n\n<div class=\"wp-block-group\"><div class=\"wp-block-group__inner-container is-layout-flow wp-block-group-is-layout-flow\">\n<p>WEB S\u0130TES\u0130<\/p>\n<\/div><\/div>\n\n\n\n<hr class=\"wp-block-separator is-style-dots\"\/>\n\n\n\n<h5 class=\"wp-block-heading\">Sivas Veteriner Hekimleri Odas\u0131<\/h5>\n\n\n\n<figure class=\"wp-block-table\"><table><tbody><tr><td>Telefon:<\/td><td>(346) 225-2470<\/td><\/tr><tr><td>Faks:<\/td><td>(346) 225-2470<\/td><\/tr><tr><td>Kurulu\u015f Tarihi:<\/td><td>1998<\/td><\/tr><\/tbody><\/table><\/figure>\n\n\n\n<p>WEB S\u0130TES\u0130<\/p>\n\n\n\n<hr class=\"wp-block-separator is-style-dots\"\/>\n\n\n\n<h5 class=\"wp-block-heading\">Tokat Veteriner Hekimleri Odas\u0131<\/h5>\n\n\n\n<figure class=\"wp-block-table\"><table><tbody><tr><td>Telefon:<\/td><td>(356) 212-6566<\/td><\/tr><tr><td>Faks:<\/td><td>(356) 212-6566<\/td><\/tr><tr><td>Kurulu\u015f Tarihi:<\/td><td>2010<\/td><\/tr><\/tbody><\/table><\/figure>\n\n\n\n<p><a href=\"http:\/\/www.tokatvho.org\/\">WEB S\u0130TES\u0130<\/a><\/p>\n\n\n\n<hr class=\"wp-block-separator is-style-dots\"\/>\n\n\n\n<h5 class=\"wp-block-heading\">Trabzon B\u00f6lgesi Veteriner Hekimleri Odas\u0131<\/h5>\n\n\n\n<figure class=\"wp-block-table\"><table><tbody><tr><td>Telefon:<\/td><td>(462) 229-0872<\/td><\/tr><tr><td>Faks:<\/td><td>(462) 229-0872<\/td><\/tr><tr><td>Kurulu\u015f Tarihi:<\/td><td>1954<\/td><\/tr><\/tbody><\/table><\/figure>\n\n\n\n<p><a href=\"http:\/\/www.trabzonvho.org\/\">WEB S\u0130TES\u0130<\/a><\/p>\n\n\n\n<hr class=\"wp-block-separator is-style-dots\"\/>\n\n\n\n<h5 class=\"wp-block-heading\">Trakya B\u00f6lge Veteriner Hekimleri Odas\u0131<\/h5>\n\n\n\n<figure class=\"wp-block-table\"><table><tbody><tr><td>Telefon:<\/td><td>(284) 212-2796<\/td><\/tr><tr><td>Faks:<\/td><td>(284) 213-2113<\/td><\/tr><tr><td>Kurulu\u015f Tarihi:<\/td><td>1961<\/td><\/tr><\/tbody><\/table><\/figure>\n\n\n\n<p><a href=\"http:\/\/www.trakyavho.org.tr\/\">WEB S\u0130TES\u0130<\/a><\/p>\n\n\n\n<hr class=\"wp-block-separator is-style-dots\"\/>\n\n\n\n<h5 class=\"wp-block-heading\">U\u015fak Veteriner Hekimleri Odas\u0131<\/h5>\n\n\n\n<figure class=\"wp-block-table\"><table><tbody><tr><td>Telefon:<\/td><td>(276) 227-6065<\/td><\/tr><tr><td>Faks:<\/td><td><\/td><\/tr><tr><td>Kurulu\u015f Tarihi:<\/td><td>1998<\/td><\/tr><\/tbody><\/table><\/figure>\n\n\n\n<p>WEB S\u0130TES\u0130<\/p>\n\n\n\n<hr class=\"wp-block-separator is-style-dots\"\/>\n\n\n\n<h5 class=\"wp-block-heading\">Van B\u00f6lgesi Veteriner Hekimleri Odas\u0131<\/h5>\n\n\n\n<figure class=\"wp-block-table\"><table><tbody><tr><td>Telefon:<\/td><td><\/td><\/tr><tr><td>Faks:<\/td><td><\/td><\/tr><tr><td>Kurulu\u015f Tarihi:<\/td><td>1987<\/td><\/tr><\/tbody><\/table><\/figure>\n\n\n\n<p><a href=\"http:\/\/vanvho.org\/\">WEB S\u0130TES\u0130<\/a><\/p>\n\n\n\n<hr class=\"wp-block-separator is-style-dots\"\/>\n\n\n\n<h5 class=\"wp-block-heading\">Yozgat Veteriner Hekimleri Odas\u0131<\/h5>\n\n\n\n<figure class=\"wp-block-table\"><table><tbody><tr><td>Telefon:<\/td><td>(850) 840-1291<\/td><\/tr><tr><td>Faks:<\/td><td>(354) 415-6543<\/td><\/tr><tr><td>Kurulu\u015f Tarihi:<\/td><td>2009<\/td><\/tr><\/tbody><\/table><\/figure>\n\n\n\n<p><a href=\"http:\/\/www.yozgat.vet\/\">WEB S\u0130TES\u0130<\/a><\/p>\n\n\n\n<hr class=\"wp-block-separator is-style-dots\"\/>\n\n\n\n<h5 class=\"wp-block-heading\">Zonguldak Veteriner Hekimleri Odas\u0131<\/h5>\n\n\n\n<figure class=\"wp-block-table\"><table><tbody><tr><td>Telefon:<\/td><td>(372) 253-2929<\/td><\/tr><tr><td>Faks:<\/td><td>(378) 227-1516<\/td><\/tr><tr><td>Kurulu\u015f Tarihi:<\/td><td>2008<\/td><\/tr><\/tbody><\/table><\/figure>\n\n\n\n<p>WEB S\u0130TES\u0130<\/p>\n","protected":false},"excerpt":{"rendered":"<p>Adana Veteriner Hekimleri Odas\u0131 Telefon: (322) 352-3140 Faks: (322) 351-1028 Kurulu\u015f Tarihi: 1955 WEB S\u0130TES\u0130 Ad\u0131yaman Veteriner Hekimleri Odas\u0131 Telefon: (416) 213-1155 Faks: (416) 213-1155 Kurulu\u015f Tarihi: 2007 WEB S\u0130TES\u0130 Afyon Veteriner Hekimleri Odas\u0131 Telefon: (272) 214-4131 Faks: (272) 214-4131 Kurulu\u015f Tarihi: 1968 WEB S\u0130TES\u0130 Aksaray Veteriner Hekimleri Odas\u0131 Telefon: (382) 213-4567 Faks: (382) 213-4567 [&hellip;]<\/p>\n","protected":false},"author":1,"featured_media":0,"parent":0,"menu_order":0,"comment_status":"closed","ping_status":"closed","template":"","meta":{"footnotes":""},"class_list":["post-139","page","type-page","status-publish","hentry"],"_links":{"self":[{"href":"https:\/\/www.kocaelivho.org.tr\/index.php?rest_route=\/wp\/v2\/pages\/139","targetHints":{"allow":["GET"]}}],"collection":[{"href":"https:\/\/www.kocaelivho.org.tr\/index.php?rest_route=\/wp\/v2\/pages"}],"about":[{"href":"https:\/\/www.kocaelivho.org.tr\/index.php?rest_route=\/wp\/v2\/types\/page"}],"author":[{"embeddable":true,"href":"https:\/\/www.kocaelivho.org.tr\/index.php?rest_route=\/wp\/v2\/users\/1"}],"replies":[{"embeddable":true,"href":"https:\/\/www.kocaelivho.org.tr\/index.php?rest_route=%2Fwp%2Fv2%2Fcomments&post=139"}],"version-history":[{"count":4,"href":"https:\/\/www.kocaelivho.org.tr\/index.php?rest_route=\/wp\/v2\/pages\/139\/revisions"}],"predecessor-version":[{"id":145,"href":"https:\/\/www.kocaelivho.org.tr\/index.php?rest_route=\/wp\/v2\/pages\/139\/revisions\/145"}],"wp:attachment":[{"href":"https:\/\/www.kocaelivho.org.tr\/index.php?rest_route=%2Fwp%2Fv2%2Fmedia&parent=139"}],"curies":[{"name":"wp","href":"https:\/\/api.w.org\/{rel}","templated":true}]}}