{"id":18,"date":"2022-04-21T00:03:03","date_gmt":"2022-04-20T21:03:03","guid":{"rendered":"http:\/\/kocaelivho.org.tr\/?page_id=18"},"modified":"2024-11-20T17:27:23","modified_gmt":"2024-11-20T14:27:23","slug":"hakkimizda","status":"publish","type":"page","link":"https:\/\/www.kocaelivho.org.tr\/?page_id=18","title":{"rendered":"HAKKIMIZDA"},"content":{"rendered":"\n<h2 class=\"wp-block-heading\">Kocaeli Veteriner Hekimleri Odas\u0131<\/h2>\n\n\n\n<h4 class=\"wp-block-heading\">03 A\u011fustos 1994<\/h4>\n\n\n\n<hr class=\"wp-block-separator has-css-opacity is-style-dots\"\/>\n\n\n\n<div class=\"wp-block-media-text alignfull is-stacked-on-mobile is-vertically-aligned-top\" style=\"grid-template-columns:33% auto\"><figure class=\"wp-block-media-text__media\"><img loading=\"lazy\" decoding=\"async\" width=\"320\" height=\"453\" src=\"http:\/\/kocaelivho.org.tr\/wp-content\/uploads\/2022\/04\/karar1.png\" alt=\"\" class=\"wp-image-102 size-full\" srcset=\"https:\/\/www.kocaelivho.org.tr\/wp-content\/uploads\/2022\/04\/karar1.png 320w, https:\/\/www.kocaelivho.org.tr\/wp-content\/uploads\/2022\/04\/karar1-212x300.png 212w\" sizes=\"auto, (max-width: 320px) 100vw, 320px\" \/><\/figure><div class=\"wp-block-media-text__content\">\n<h5 class=\"wp-block-heading has-text-align-left has-text-color\" style=\"color:#000000\"><strong>Sakarya B\u00f6lge Veteriner Hekimleri Odas\u0131na ba\u011fl\u0131 olarak faaliyet g\u00f6steren odam\u0131z 03.08.1994 y\u0131l\u0131nda <em>Necati \u00d6ZKAN<\/em> Ba\u015fkanl\u0131\u011f\u0131nda Y\u00fcksel ULU\u00c7AY, Birol KALEL\u0130O\u011eLU, Halil OKUTAN ve Orhan ALTUNTA\u015e taraf\u0131ndan olu\u015fan Y\u00f6netim Kurulunun yapt\u0131\u011f\u0131 genel kurul sonras\u0131 Kocaeli Veteriner Hekimleri Odas\u0131 olarak faaliyete ba\u015flam\u0131\u015ft\u0131r.<\/strong><\/h5>\n\n\n\n<ul class=\"wp-block-list\">\n<li><strong>Necati \u00d6ZKAN \u2013 Kurucu Ba\u015fkan<\/strong><\/li>\n\n\n\n<li>Birol KALEL\u0130O\u011eLU \u2013 Kurucu Y\u00f6netim Kurulu \u00dcyesi<\/li>\n\n\n\n<li>Nadir DO\u011eAN \u2013 Kurucu Y\u00f6netim Kurulu \u00dcyesi<\/li>\n\n\n\n<li>Halil OKUTAN \u2013 Kurucu Y\u00f6netim Kurulu \u00dcyesi<\/li>\n\n\n\n<li>Orhan ALTUNTA\u015e \u2013 Kurucu Y\u00f6netim Kurulu \u00dcyesi<\/li>\n<\/ul>\n\n\n\n<p><strong>Kocaeli VHO Ba\u015fkanlar\u0131<\/strong><\/p>\n\n\n\n<ol class=\"wp-block-list\">\n<li>NECAT\u0130 \u00d6ZKAN           1994 \u2013 1996<\/li>\n\n\n\n<li>NECAT\u0130 \u00d6ZKAN           1996 \u2013 1998<\/li>\n\n\n\n<li>DURAN \u00dcNAL             1998 \u2013 2000<\/li>\n\n\n\n<li>ORHAN ALTUNTA\u015e     2000 \u2013 2010<\/li>\n\n\n\n<li>AKIN Z\u0130YA \u00dcNAL         2010 \u2013 2012<\/li>\n\n\n\n<li>ORHAN ALTUNTA\u015e     2012 \u2013 2020<\/li>\n\n\n\n<li>MEHMET BOSTANCI   2020 \u2013 2022<\/li>\n\n\n\n<li>MEHMET BOSTANCI   2022 \u2013 2024<\/li>\n\n\n\n<li>MEHMET BOSTANCI   2024 \u2013<\/li>\n<\/ol>\n<\/div><\/div>\n","protected":false},"excerpt":{"rendered":"<p>Kocaeli Veteriner Hekimleri Odas\u0131 03 A\u011fustos 1994<\/p>\n","protected":false},"author":1,"featured_media":0,"parent":0,"menu_order":0,"comment_status":"closed","ping_status":"closed","template":"","meta":{"footnotes":""},"class_list":["post-18","page","type-page","status-publish","hentry"],"_links":{"self":[{"href":"https:\/\/www.kocaelivho.org.tr\/index.php?rest_route=\/wp\/v2\/pages\/18","targetHints":{"allow":["GET"]}}],"collection":[{"href":"https:\/\/www.kocaelivho.org.tr\/index.php?rest_route=\/wp\/v2\/pages"}],"about":[{"href":"https:\/\/www.kocaelivho.org.tr\/index.php?rest_route=\/wp\/v2\/types\/page"}],"author":[{"embeddable":true,"href":"https:\/\/www.kocaelivho.org.tr\/index.php?rest_route=\/wp\/v2\/users\/1"}],"replies":[{"embeddable":true,"href":"https:\/\/www.kocaelivho.org.tr\/index.php?rest_route=%2Fwp%2Fv2%2Fcomments&post=18"}],"version-history":[{"count":6,"href":"https:\/\/www.kocaelivho.org.tr\/index.php?rest_route=\/wp\/v2\/pages\/18\/revisions"}],"predecessor-version":[{"id":852,"href":"https:\/\/www.kocaelivho.org.tr\/index.php?rest_route=\/wp\/v2\/pages\/18\/revisions\/852"}],"wp:attachment":[{"href":"https:\/\/www.kocaelivho.org.tr\/index.php?rest_route=%2Fwp%2Fv2%2Fmedia&parent=18"}],"curies":[{"name":"wp","href":"https:\/\/api.w.org\/{rel}","templated":true}]}}