{"id":25,"date":"2022-04-21T00:07:11","date_gmt":"2022-04-20T21:07:11","guid":{"rendered":"http:\/\/kocaelivho.org.tr\/?page_id=25"},"modified":"2022-04-21T01:34:27","modified_gmt":"2022-04-20T22:34:27","slug":"kanunlar","status":"publish","type":"page","link":"https:\/\/www.kocaelivho.org.tr\/?page_id=25","title":{"rendered":"Kanunlar"},"content":{"rendered":"\n<div class=\"wp-block-media-text alignfull is-stacked-on-mobile is-vertically-aligned-center\" style=\"grid-template-columns:21% auto\"><figure class=\"wp-block-media-text__media\"><img loading=\"lazy\" decoding=\"async\" width=\"1024\" height=\"1024\" src=\"http:\/\/kocaelivho.org.tr\/wp-content\/uploads\/2022\/04\/resize_-1605980451-1024x1024.png\" alt=\"\" class=\"wp-image-147 size-full\" srcset=\"https:\/\/www.kocaelivho.org.tr\/wp-content\/uploads\/2022\/04\/resize_-1605980451-1024x1024.png 1024w, https:\/\/www.kocaelivho.org.tr\/wp-content\/uploads\/2022\/04\/resize_-1605980451-300x300.png 300w, https:\/\/www.kocaelivho.org.tr\/wp-content\/uploads\/2022\/04\/resize_-1605980451-100x100.png 100w, https:\/\/www.kocaelivho.org.tr\/wp-content\/uploads\/2022\/04\/resize_-1605980451-600x600.png 600w, https:\/\/www.kocaelivho.org.tr\/wp-content\/uploads\/2022\/04\/resize_-1605980451-150x150.png 150w, https:\/\/www.kocaelivho.org.tr\/wp-content\/uploads\/2022\/04\/resize_-1605980451-768x768.png 768w, https:\/\/www.kocaelivho.org.tr\/wp-content\/uploads\/2022\/04\/resize_-1605980451-200x200.png 200w, https:\/\/www.kocaelivho.org.tr\/wp-content\/uploads\/2022\/04\/resize_-1605980451.png 1276w\" sizes=\"auto, (max-width: 1024px) 100vw, 1024px\" \/><\/figure><div class=\"wp-block-media-text__content\">\n<ul class=\"wp-block-list\"><li><a rel=\"noreferrer noopener\" href=\"https:\/\/www.resmigazete.gov.tr\/eskiler\/2008\/02\/20080208-1.htm\" target=\"_blank\">1. TEMEL CEZA KANUNLARINA UYUM AMACIYLA \u00c7E\u015e\u0130TL\u0130 KANUNLARDA VE D\u0130\u011eER BAZI KANUNLARDA DE\u011e\u0130\u015e\u0130KL\u0130K YAPILMASINA DA\u0130R KANUN (6343 De\u011fi\u015fiklik)<\/a><\/li><li><a rel=\"noreferrer noopener\" href=\"https:\/\/www.mevzuat.gov.tr\/mevzuat?MevzuatNo=6343&amp;MevzuatTur=1&amp;MevzuatTertip=3\" target=\"_blank\">2. VETER\u0130NER HEK\u0130ML\u0130\u011e\u0130 MESLE\u011e\u0130N\u0130N \u0130CRASINA, T\u00dcRK VETER\u0130NER HEK\u0130MLER\u0130 B\u0130RL\u0130\u011e\u0130 \u0130LE ODALARININ TE\u015eEKK\u00dcL TARZINA VE G\u00d6RECE\u011e\u0130 \u0130\u015eLERE DA\u0130R KANUN (1)<\/a><\/li><li><a rel=\"noreferrer noopener\" href=\"https:\/\/www.mevzuat.gov.tr\/mevzuat?MevzuatNo=5996&amp;MevzuatTur=1&amp;MevzuatTertip=5\" target=\"_blank\">3. VETER\u0130NER H\u0130ZMETLER\u0130, B\u0130TK\u0130 SA\u011eLI\u011eI, GIDA VE YEM KANUNU<\/a><\/li><\/ul>\n<\/div><\/div>\n","protected":false},"excerpt":{"rendered":"<p>1. TEMEL CEZA KANUNLARINA UYUM AMACIYLA \u00c7E\u015e\u0130TL\u0130 KANUNLARDA VE D\u0130\u011eER BAZI KANUNLARDA DE\u011e\u0130\u015e\u0130KL\u0130K YAPILMASINA DA\u0130R KANUN (6343 De\u011fi\u015fiklik) 2. VETER\u0130NER HEK\u0130ML\u0130\u011e\u0130 MESLE\u011e\u0130N\u0130N \u0130CRASINA, T\u00dcRK VETER\u0130NER HEK\u0130MLER\u0130 B\u0130RL\u0130\u011e\u0130 \u0130LE ODALARININ TE\u015eEKK\u00dcL TARZINA VE G\u00d6RECE\u011e\u0130 \u0130\u015eLERE DA\u0130R KANUN (1) 3. VETER\u0130NER H\u0130ZMETLER\u0130, B\u0130TK\u0130 SA\u011eLI\u011eI, GIDA VE YEM KANUNU<\/p>\n","protected":false},"author":1,"featured_media":0,"parent":0,"menu_order":0,"comment_status":"closed","ping_status":"closed","template":"","meta":{"footnotes":""},"class_list":["post-25","page","type-page","status-publish","hentry"],"_links":{"self":[{"href":"https:\/\/www.kocaelivho.org.tr\/index.php?rest_route=\/wp\/v2\/pages\/25","targetHints":{"allow":["GET"]}}],"collection":[{"href":"https:\/\/www.kocaelivho.org.tr\/index.php?rest_route=\/wp\/v2\/pages"}],"about":[{"href":"https:\/\/www.kocaelivho.org.tr\/index.php?rest_route=\/wp\/v2\/types\/page"}],"author":[{"embeddable":true,"href":"https:\/\/www.kocaelivho.org.tr\/index.php?rest_route=\/wp\/v2\/users\/1"}],"replies":[{"embeddable":true,"href":"https:\/\/www.kocaelivho.org.tr\/index.php?rest_route=%2Fwp%2Fv2%2Fcomments&post=25"}],"version-history":[{"count":3,"href":"https:\/\/www.kocaelivho.org.tr\/index.php?rest_route=\/wp\/v2\/pages\/25\/revisions"}],"predecessor-version":[{"id":161,"href":"https:\/\/www.kocaelivho.org.tr\/index.php?rest_route=\/wp\/v2\/pages\/25\/revisions\/161"}],"wp:attachment":[{"href":"https:\/\/www.kocaelivho.org.tr\/index.php?rest_route=%2Fwp%2Fv2%2Fmedia&parent=25"}],"curies":[{"name":"wp","href":"https:\/\/api.w.org\/{rel}","templated":true}]}}