{"id":251,"date":"2022-06-14T14:05:11","date_gmt":"2022-06-14T11:05:11","guid":{"rendered":"http:\/\/kocaelivho.org.tr\/?page_id=251"},"modified":"2022-06-14T14:05:13","modified_gmt":"2022-06-14T11:05:13","slug":"anlasmali-oldugumuz-firmalar","status":"publish","type":"page","link":"https:\/\/www.kocaelivho.org.tr\/?page_id=251","title":{"rendered":"Anla\u015fmal\u0131 Oldu\u011fumuz Firmalar"},"content":{"rendered":"\n<p>Odam\u0131z ile protokol bulunan firmalara buradan ula\u015fabilirsiniz.<\/p>\n\n\n\n<div class=\"wp-block-columns alignfull has-text-color is-layout-flex wp-container-core-columns-is-layout-28f84493 wp-block-columns-is-layout-flex\" style=\"color:#000000\">\n<div class=\"wp-block-column is-layout-flow wp-block-column-is-layout-flow\"><div class=\"wp-block-image\">\n<figure class=\"aligncenter size-large\"><img loading=\"lazy\" decoding=\"async\" width=\"410\" height=\"1024\" src=\"http:\/\/kocaelivho.org.tr\/wp-content\/uploads\/2022\/06\/anlasma-1-410x1024.jpeg\" alt=\"\" class=\"wp-image-283\" srcset=\"https:\/\/www.kocaelivho.org.tr\/wp-content\/uploads\/2022\/06\/anlasma-1-410x1024.jpeg 410w, https:\/\/www.kocaelivho.org.tr\/wp-content\/uploads\/2022\/06\/anlasma-1-600x1500.jpeg 600w, https:\/\/www.kocaelivho.org.tr\/wp-content\/uploads\/2022\/06\/anlasma-1-120x300.jpeg 120w, https:\/\/www.kocaelivho.org.tr\/wp-content\/uploads\/2022\/06\/anlasma-1.jpeg 640w\" sizes=\"auto, (max-width: 410px) 100vw, 410px\" \/><\/figure>\n<\/div><\/div>\n<\/div>\n","protected":false},"excerpt":{"rendered":"<p>Odam\u0131z ile protokol bulunan firmalara buradan ula\u015fabilirsiniz.<\/p>\n","protected":false},"author":1,"featured_media":0,"parent":0,"menu_order":0,"comment_status":"closed","ping_status":"closed","template":"","meta":{"footnotes":""},"class_list":["post-251","page","type-page","status-publish","hentry"],"_links":{"self":[{"href":"https:\/\/www.kocaelivho.org.tr\/index.php?rest_route=\/wp\/v2\/pages\/251","targetHints":{"allow":["GET"]}}],"collection":[{"href":"https:\/\/www.kocaelivho.org.tr\/index.php?rest_route=\/wp\/v2\/pages"}],"about":[{"href":"https:\/\/www.kocaelivho.org.tr\/index.php?rest_route=\/wp\/v2\/types\/page"}],"author":[{"embeddable":true,"href":"https:\/\/www.kocaelivho.org.tr\/index.php?rest_route=\/wp\/v2\/users\/1"}],"replies":[{"embeddable":true,"href":"https:\/\/www.kocaelivho.org.tr\/index.php?rest_route=%2Fwp%2Fv2%2Fcomments&post=251"}],"version-history":[{"count":10,"href":"https:\/\/www.kocaelivho.org.tr\/index.php?rest_route=\/wp\/v2\/pages\/251\/revisions"}],"predecessor-version":[{"id":284,"href":"https:\/\/www.kocaelivho.org.tr\/index.php?rest_route=\/wp\/v2\/pages\/251\/revisions\/284"}],"wp:attachment":[{"href":"https:\/\/www.kocaelivho.org.tr\/index.php?rest_route=%2Fwp%2Fv2%2Fmedia&parent=251"}],"curies":[{"name":"wp","href":"https:\/\/api.w.org\/{rel}","templated":true}]}}