{"id":26,"date":"2022-04-21T00:07:11","date_gmt":"2022-04-20T21:07:11","guid":{"rendered":"http:\/\/kocaelivho.org.tr\/?page_id=26"},"modified":"2022-04-21T01:36:24","modified_gmt":"2022-04-20T22:36:24","slug":"yonetmelikler","status":"publish","type":"page","link":"https:\/\/www.kocaelivho.org.tr\/?page_id=26","title":{"rendered":"Y\u00f6netmelikler"},"content":{"rendered":"\n<div class=\"wp-block-media-text alignfull is-stacked-on-mobile is-vertically-aligned-top\" style=\"grid-template-columns:19% auto\"><figure class=\"wp-block-media-text__media\"><img loading=\"lazy\" decoding=\"async\" width=\"1024\" height=\"1024\" src=\"http:\/\/kocaelivho.org.tr\/wp-content\/uploads\/2022\/04\/resize_-1605980451-1024x1024.png\" alt=\"\" class=\"wp-image-147 size-full\" srcset=\"https:\/\/www.kocaelivho.org.tr\/wp-content\/uploads\/2022\/04\/resize_-1605980451-1024x1024.png 1024w, https:\/\/www.kocaelivho.org.tr\/wp-content\/uploads\/2022\/04\/resize_-1605980451-300x300.png 300w, https:\/\/www.kocaelivho.org.tr\/wp-content\/uploads\/2022\/04\/resize_-1605980451-100x100.png 100w, https:\/\/www.kocaelivho.org.tr\/wp-content\/uploads\/2022\/04\/resize_-1605980451-600x600.png 600w, https:\/\/www.kocaelivho.org.tr\/wp-content\/uploads\/2022\/04\/resize_-1605980451-150x150.png 150w, https:\/\/www.kocaelivho.org.tr\/wp-content\/uploads\/2022\/04\/resize_-1605980451-768x768.png 768w, https:\/\/www.kocaelivho.org.tr\/wp-content\/uploads\/2022\/04\/resize_-1605980451-200x200.png 200w, https:\/\/www.kocaelivho.org.tr\/wp-content\/uploads\/2022\/04\/resize_-1605980451.png 1276w\" sizes=\"auto, (max-width: 1024px) 100vw, 1024px\" \/><\/figure><div class=\"wp-block-media-text__content\">\n<ul class=\"has-small-font-size wp-block-list\"><li><a href=\"https:\/\/www.mevzuat.gov.tr\/mevzuat?MevzuatNo=15529&amp;MevzuatTur=7&amp;MevzuatTertip=5\" target=\"_blank\" rel=\"noreferrer noopener\">1. ARICILIK Y\u00d6NETMEL\u0130\u011e\u0130<\/a><\/li><li><a href=\"https:\/\/www.mevzuat.gov.tr\/mevzuat?MevzuatNo=15818&amp;MevzuatTur=7&amp;MevzuatTertip=5\" target=\"_blank\" rel=\"noreferrer noopener\">2. BULA\u015eICI HAYVAN HASTALIKLARI \u0130LE M\u00dcCADELEDE UYGULANACAK GENEL H\u00dcK\u00dcMLERE \u0130L\u0130\u015eK\u0130N Y\u00d6NETMEL\u0130K<\/a><\/li><li><a href=\"https:\/\/www.mevzuat.gov.tr\/mevzuat?MevzuatNo=15591&amp;MevzuatTur=7&amp;MevzuatTertip=5\" target=\"_blank\" rel=\"noreferrer noopener\">3. CANLI HAYVANLAR VE HAYVANSAL \u00dcR\u00dcNLERDE BEL\u0130RL\u0130 MADDELER \u0130LE BUNLARIN KALINTILARININ \u0130ZLENMES\u0130 \u0130\u00c7\u0130N ALINACAK \u00d6NLEMLERE DA\u0130R Y\u00d6NETMEL\u0130K<\/a><\/li><li><a href=\"https:\/\/www.mevzuat.gov.tr\/mevzuat?MevzuatNo=20226&amp;MevzuatTur=7&amp;MevzuatTertip=5\" target=\"_blank\" rel=\"noreferrer noopener\">4. \u00c7\u0130FTL\u0130K HAYVANLARININ REFAHINA \u0130L\u0130\u015eK\u0130N GENEL H\u00dcK\u00dcMLER HAKKINDA Y\u00d6NETMEL\u0130K<\/a><\/li><li><a href=\"https:\/\/www.mevzuat.gov.tr\/mevzuat?MevzuatNo=15568&amp;MevzuatTur=7&amp;MevzuatTertip=5\" target=\"_blank\" rel=\"noreferrer noopener\">5. DENEYSEL VE D\u0130\u011eER B\u0130L\u0130MSEL AMA\u00c7LAR \u0130\u00c7\u0130N KULLANILAN HAYVANLARIN REFAH VE KORUNMASINA DA\u0130R Y\u00d6NETMEL\u0130K<\/a><\/li><li><a href=\"https:\/\/www.mevzuat.gov.tr\/mevzuat?MevzuatNo=15374&amp;MevzuatTur=7&amp;MevzuatTertip=5\" target=\"_blank\" rel=\"noreferrer noopener\">6. EV VE S\u00dcS HAYVANLARININ \u00dcRET\u0130M, SATI\u015e, BARINMA VE E\u011e\u0130T\u0130M YERLER\u0130 HAKKINDA Y\u00d6NETMEL\u0130K<\/a><\/li><li><a href=\"https:\/\/www.mevzuat.gov.tr\/mevzuat?MevzuatNo=15632&amp;MevzuatTur=7&amp;MevzuatTertip=5\" target=\"_blank\" rel=\"noreferrer noopener\">7. EVC\u0130L HAYVAN GENET\u0130K KAYNAKLARININ KORUNMASI VE S\u00dcRD\u00dcR\u00dcLEB\u0130L\u0130R KULLANIMI HAKKINDA Y\u00d6NETMEL\u0130K<\/a><\/li><li><a href=\"https:\/\/www.mevzuat.gov.tr\/mevzuat?MevzuatNo=15631&amp;MevzuatTur=7&amp;MevzuatTertip=5\" target=\"_blank\" rel=\"noreferrer noopener\">8. EVC\u0130L HAYVAN GENET\u0130K KAYNAKLARININ TESC\u0130L\u0130NE \u0130L\u0130\u015eK\u0130N Y\u00d6NETMEL\u0130K<\/a><\/li><li><a href=\"https:\/\/www.mevzuat.gov.tr\/mevzuat?MevzuatNo=15592&amp;MevzuatTur=7&amp;MevzuatTertip=5\" target=\"_blank\" rel=\"noreferrer noopener\">9. GIDA H\u0130JYEN\u0130 Y\u00d6NETMEL\u0130\u011e\u0130<\/a><\/li><li><a href=\"https:\/\/www.mevzuat.gov.tr\/mevzuat?MevzuatNo=15594&amp;MevzuatTur=7&amp;MevzuatTertip=5\" target=\"_blank\" rel=\"noreferrer noopener\">10. GIDA \u0130\u015eLETMELER\u0130N\u0130N KAYIT VE ONAY \u0130\u015eLEMLER\u0130NE DA\u0130R Y\u00d6NETMEL\u0130K<\/a><\/li><\/ul>\n\n\n\n<ul class=\"has-small-font-size wp-block-list\"><li><a rel=\"noreferrer noopener\" href=\"https:\/\/www.mevzuat.gov.tr\/mevzuat?MevzuatNo=15595&amp;MevzuatTur=7&amp;MevzuatTertip=5\" target=\"_blank\">11. GIDA VE YEM\u0130N RESM\u0130 KONTROLLER\u0130NE DA\u0130R Y\u00d6NETMEL\u0130K<\/a><\/li><li><a rel=\"noreferrer noopener\" href=\"https:\/\/www.mevzuat.gov.tr\/mevzuat?MevzuatNo=19404&amp;MevzuatTur=7&amp;MevzuatTertip=5\" target=\"_blank\">12. HAYVAN DENEYLER\u0130 ET\u0130K KURULLARININ \u00c7ALI\u015eMA USUL VE ESASLARINA DA\u0130R Y\u00d6NETMEL\u0130K<\/a><\/li><li><a rel=\"noreferrer noopener\" href=\"https:\/\/www.mevzuat.gov.tr\/mevzuat?MevzuatNo=17176&amp;MevzuatTur=7&amp;MevzuatTertip=5\" target=\"_blank\">13. HAYVAN HASTALIKLARINDA TAZM\u0130NAT Y\u00d6NETMEL\u0130\u011e\u0130<\/a><\/li><li><a rel=\"noreferrer noopener\" href=\"https:\/\/www.mevzuat.gov.tr\/mevzuat?MevzuatNo=15625&amp;MevzuatTur=7&amp;MevzuatTertip=5\" target=\"_blank\">14. HAYVAN HASTANELER\u0130 Y\u00d6NETMEL\u0130\u011e\u0130<\/a><\/li><li><a rel=\"noreferrer noopener\" href=\"https:\/\/www.mevzuat.gov.tr\/mevzuat?MevzuatNo=15646&amp;MevzuatTur=7&amp;MevzuatTertip=5\" target=\"_blank\">15. HAYVAN SATI\u015e YERLER\u0130N\u0130N RUHSATLANDIRILMA VE DENETLEME USUL VE ESASLARI HAKKINDA Y\u00d6NETMEL\u0130K<\/a><\/li><li><a rel=\"noreferrer noopener\" href=\"https:\/\/www.mevzuat.gov.tr\/mevzuat?MevzuatNo=15596&amp;MevzuatTur=7&amp;MevzuatTertip=5\" target=\"_blank\">16. HAYVAN VE \u00dcR\u00dcNLER\u0130N \u00dcLKEYE G\u0130R\u0130\u015e\u0130NDE \u00d6N B\u0130LD\u0130R\u0130M VE VETER\u0130NER KONTROLLER\u0130NE DA\u0130R Y\u00d6NETMEL\u0130K<\/a><\/li><li><a rel=\"noreferrer noopener\" href=\"https:\/\/www.mevzuat.gov.tr\/mevzuat?MevzuatNo=15542&amp;MevzuatTur=7&amp;MevzuatTertip=5\" target=\"_blank\">17. HAYVANLARDA SOY K\u00dcT\u00dc\u011e\u00dc VE \u00d6N SOY K\u00dcT\u00dc\u011e\u00dc ESASLARI HAKKINDA Y\u00d6NETMEL\u0130K<\/a><\/li><li><a rel=\"noreferrer noopener\" href=\"https:\/\/www.mevzuat.gov.tr\/mevzuat?MevzuatNo=15647&amp;MevzuatTur=7&amp;MevzuatTertip=5\" target=\"_blank\">18. HAYVANLARIN NAK\u0130LLER\u0130 SIRASINDA REFAHI VE KORUNMASI Y\u00d6NETMEL\u0130\u011e\u0130<\/a><\/li><li><a rel=\"noreferrer noopener\" href=\"https:\/\/www.mevzuat.gov.tr\/mevzuat?MevzuatNo=15633&amp;MevzuatTur=7&amp;MevzuatTertip=5\" target=\"_blank\">19. HAYVANLARIN TANIMLANMASI \u0130LE VETER\u0130NER B\u0130YOLOJ\u0130K \u00dcR\u00dcNLER\u0130N UYGULAMA \u00dcCRETLER\u0130 Y\u00d6NETMEL\u0130\u011e\u0130<\/a><\/li><li><a rel=\"noreferrer noopener\" href=\"https:\/\/www.mevzuat.gov.tr\/mevzuat?MevzuatNo=15664&amp;MevzuatTur=7&amp;MevzuatTertip=5\" target=\"_blank\">20. HAYVANSAL GIDALAR \u0130\u00c7\u0130N \u00d6ZEL H\u0130JYEN KURALLARI Y\u00d6NETMEL\u0130\u011e\u0130<\/a><\/li><\/ul>\n\n\n\n<ul class=\"has-small-font-size wp-block-list\"><li><a href=\"https:\/\/www.mevzuat.gov.tr\/mevzuat?MevzuatNo=15598&amp;MevzuatTur=7&amp;MevzuatTertip=5\" target=\"_blank\" rel=\"noreferrer noopener\">21. HAYVANSAL GIDALARIN RESM\u0130 KONTROLLER\u0130NE \u0130L\u0130\u015eK\u0130N \u00d6ZEL KURALLARI BEL\u0130RLEYEN Y\u00d6NETMEL\u0130K<\/a><\/li><li><a href=\"https:\/\/www.mevzuat.gov.tr\/mevzuat?MevzuatNo=15535&amp;MevzuatTur=7&amp;MevzuatTertip=5\" target=\"_blank\" rel=\"noreferrer noopener\">22. KOYUN VE KE\u00c7\u0130 T\u00dcR\u00dc HAYVANLARIN TANIMLANMASI, TESC\u0130L\u0130 VE \u0130ZLENMES\u0130 Y\u00d6NETMEL\u0130\u011e\u0130<\/a><\/li><li><a href=\"https:\/\/www.mevzuat.gov.tr\/mevzuat?MevzuatNo=19299&amp;MevzuatTur=7&amp;MevzuatTertip=5\" target=\"_blank\" rel=\"noreferrer noopener\">23. KULU\u00c7KAHANE VE DAMIZLIK KANATLI \u0130\u015eLETMELER\u0130 Y\u00d6NETMEL\u0130\u011e\u0130<\/a><\/li><li><a href=\"https:\/\/www.mevzuat.gov.tr\/mevzuat?MevzuatNo=14711&amp;MevzuatTur=7&amp;MevzuatTertip=5\" target=\"_blank\" rel=\"noreferrer noopener\">24. \u015eAP HASTALI\u011eININ KONTROL\u00dcNE \u0130L\u0130\u015eK\u0130N Y\u00d6NETMEL\u0130K<\/a><\/li><li><a href=\"https:\/\/www.mevzuat.gov.tr\/mevzuat?MevzuatNo=15536&amp;MevzuatTur=7&amp;MevzuatTertip=5\" target=\"_blank\" rel=\"noreferrer noopener\">25. SI\u011eIR C\u0130NS\u0130 HAYVANLARIN TANIMLANMASI, TESC\u0130L\u0130 VE \u0130ZLENMES\u0130 Y\u00d6NETMEL\u0130\u011e\u0130<\/a><\/li><li><a href=\"https:\/\/www.mevzuat.gov.tr\/mevzuat?MevzuatNo=15649&amp;MevzuatTur=7&amp;MevzuatTertip=5\" target=\"_blank\" rel=\"noreferrer noopener\">26. SPERMA, OVUM VE EMBR\u0130YO \u00dcRET\u0130M MERKEZLER\u0130N\u0130N KURULU\u015e VE \u00c7ALI\u015eMA ESASLARI HAKKINDA Y\u00d6NETMEL\u0130K<\/a><\/li><li><a href=\"https:\/\/www.mevzuat.gov.tr\/mevzuat?MevzuatNo=15554&amp;MevzuatTur=7&amp;MevzuatTertip=5\" target=\"_blank\" rel=\"noreferrer noopener\">27. SUN\u0130 TOHUMLAMA, TAB\u0130\u0130 TOHUMLAMA VE EMBR\u0130YO TRANSFER\u0130 FAAL\u0130YETLER\u0130 HAKKINDA Y\u00d6NETMEL\u0130K<\/a><\/li><li><a href=\"https:\/\/www.mevzuat.gov.tr\/mevzuat?MevzuatNo=20112489&amp;MevzuatTur=21&amp;MevzuatTertip=5\" target=\"_blank\" rel=\"noreferrer noopener\">28. TAZM\u0130NATLI HAYVAN HASTALIKLARI VE TAZM\u0130NAT ORANLARINA DA\u0130R Y\u00d6NETMEL\u0130K<\/a><\/li><li><a href=\"https:\/\/www.mevzuat.gov.tr\/mevzuat?MevzuatNo=15599&amp;MevzuatTur=7&amp;MevzuatTertip=5\" target=\"_blank\" rel=\"noreferrer noopener\">29. TIBB\u0130 OLMAYAN VETER\u0130NER SA\u011eLIK \u00dcR\u00dcNLER\u0130 Y\u00d6NETMEL\u0130\u011e\u0130<\/a><\/li><li><a href=\"https:\/\/www.mevzuat.gov.tr\/mevzuat?MevzuatNo=10644&amp;MevzuatTur=7&amp;MevzuatTertip=5\" target=\"_blank\" rel=\"noreferrer noopener\">30. T\u00dcRK VETER\u0130NER HEK\u0130MLER\u0130 B\u0130RL\u0130\u011e\u0130 H\u0130ZMETLER\u0130N\u0130N Y\u00dcR\u00dcT\u00dcLMES\u0130NE \u0130L\u0130\u015eK\u0130N UYGULAMA Y\u00d6NETMEL\u0130\u011e\u0130<\/a><\/li><\/ul>\n\n\n\n<ul class=\"has-small-font-size wp-block-list\"><li><a href=\"https:\/\/www.mevzuat.gov.tr\/mevzuat?MevzuatNo=15602&amp;MevzuatTur=7&amp;MevzuatTertip=5\" target=\"_blank\" rel=\"noreferrer noopener\">31. \u00dcLKEYE G\u0130R\u0130\u015e YAPAN CANLI HAYVANLARDA Y\u00dcR\u00dcT\u00dcLECEK VETER\u0130NER KONTROLLER\u0130N\u0130N D\u00dcZENLENMES\u0130NE DA\u0130R Y\u00d6NETMEL\u0130K<\/a><\/li><li><a href=\"https:\/\/www.mevzuat.gov.tr\/mevzuat?MevzuatNo=15626&amp;MevzuatTur=7&amp;MevzuatTertip=5\" target=\"_blank\" rel=\"noreferrer noopener\">32. \u00dcLKEYE G\u0130R\u0130\u015eTE VETER\u0130NER KONTROLLER\u0130NE TAB\u0130 OLAN HAYVAN VE \u00dcR\u00dcNLERE DA\u0130R Y\u00d6NETMEL\u0130K<\/a><\/li><li><a href=\"https:\/\/www.mevzuat.gov.tr\/mevzuat?MevzuatNo=15601&amp;MevzuatTur=7&amp;MevzuatTertip=5\" target=\"_blank\" rel=\"noreferrer noopener\">33. \u00dcR\u00dcNLER\u0130N \u00dcLKEYE G\u0130R\u0130\u015e\u0130NDE VETER\u0130NER KONTROLLER\u0130N\u0130N D\u00dcZENLENMES\u0130NE DA\u0130R Y\u00d6NETMEL\u0130K<\/a><\/li><li><a href=\"https:\/\/www.mevzuat.gov.tr\/mevzuat?MevzuatNo=34811&amp;MevzuatTur=7&amp;MevzuatTertip=5\" target=\"_blank\" rel=\"noreferrer noopener\">34. VETER\u0130NER B\u0130YOLOJ\u0130K NUMUNELER\u0130N\u0130N ALINMASI, NAKLED\u0130LMES\u0130, \u0130THALATI, \u0130HRACATI VE LABORATUVAR \u015eARTLARINA DA\u0130R Y\u00d6NETMEL\u0130K<\/a><\/li><li><a href=\"https:\/\/www.mevzuat.gov.tr\/mevzuat?MevzuatNo=15393&amp;MevzuatTur=7&amp;MevzuatTertip=5\" target=\"_blank\" rel=\"noreferrer noopener\">35. VETER\u0130NER HEK\u0130M MUAYENEHANE VE POL\u0130KL\u0130N\u0130K Y\u00d6NETMEL\u0130\u011e\u0130<\/a><\/li><li><a href=\"https:\/\/www.mevzuat.gov.tr\/mevzuat?MevzuatNo=24550&amp;MevzuatTur=7&amp;MevzuatTertip=5\" target=\"_blank\" rel=\"noreferrer noopener\">36. VETER\u0130NER HEK\u0130ML\u0130\u011e\u0130NDE UZMANLIK E\u011e\u0130T\u0130M\u0130 Y\u00d6NETMEL\u0130\u011e\u0130<\/a><\/li><li><a href=\"https:\/\/www.mevzuat.gov.tr\/mevzuat?MevzuatNo=15566&amp;MevzuatTur=7&amp;MevzuatTertip=5\" target=\"_blank\" rel=\"noreferrer noopener\">37. VETER\u0130NER TE\u015eH\u0130S VE ANAL\u0130Z LABORATUVARLARI Y\u00d6NETMEL\u0130\u011e\u0130<\/a><\/li><li><a href=\"https:\/\/www.mevzuat.gov.tr\/mevzuat?MevzuatNo=15651&amp;MevzuatTur=7&amp;MevzuatTertip=5\" target=\"_blank\" rel=\"noreferrer noopener\">38. VETER\u0130NER TIBB\u0130 \u00dcR\u00dcNLER HAKKINDA Y\u00d6NETMEL\u0130K<\/a><\/li><li><a href=\"https:\/\/www.mevzuat.gov.tr\/mevzuat?MevzuatNo=15652&amp;MevzuatTur=7&amp;MevzuatTertip=5\" target=\"_blank\" rel=\"noreferrer noopener\">39. VETER\u0130NER TIBB\u0130 \u00dcR\u00dcNLERDE YAPILACAK DE\u011e\u0130\u015e\u0130KL\u0130KLERLE \u0130LG\u0130L\u0130 Y\u00d6NETMEL\u0130K<\/a><\/li><li><a href=\"https:\/\/www.mevzuat.gov.tr\/mevzuat?MevzuatNo=15665&amp;MevzuatTur=7&amp;MevzuatTertip=5\" target=\"_blank\" rel=\"noreferrer noopener\">40. YEM H\u0130JYEN\u0130 Y\u00d6NETMEL\u0130\u011e\u0130<\/a><\/li><\/ul>\n\n\n\n<ul class=\"has-small-font-size wp-block-list\"><li><a rel=\"noreferrer noopener\" href=\"https:\/\/www.mevzuat.gov.tr\/mevzuat?MevzuatNo=15666&amp;MevzuatTur=7&amp;MevzuatTertip=5\" target=\"_blank\">41. YEMLER\u0130N P\u0130YASAYA ARZI VE KULLANIMI HAKKINDA Y\u00d6NETMEL\u0130K<\/a><\/li><li><a rel=\"noreferrer noopener\" href=\"https:\/\/www.mevzuat.gov.tr\/mevzuat?MevzuatNo=23270&amp;MevzuatTur=7&amp;MevzuatTertip=5\" target=\"_blank\">42. YEMLER\u0130N RESM\u00ce KONTROL\u00dc \u0130\u00c7\u0130N NUMUNE ALMA VE ANAL\u0130Z METOTLARINA DA\u0130R Y\u00d6NETMEL\u0130K<\/a><\/li><li><a rel=\"noreferrer noopener\" href=\"https:\/\/www.mevzuat.gov.tr\/mevzuat?MevzuatNo=15603&amp;MevzuatTur=7&amp;MevzuatTertip=5\" target=\"_blank\">43. YURT \u0130\u00c7\u0130NDE CANLI HAYVAN VE HAYVANSAL \u00dcR\u00dcNLER\u0130N NAK\u0130LLER\u0130 HAKKINDA Y\u00d6NETMEL\u0130K<\/a><\/li><li><a rel=\"noreferrer noopener\" href=\"https:\/\/www.mevzuat.gov.tr\/mevzuat?MevzuatNo=15640&amp;MevzuatTur=7&amp;MevzuatTertip=5\" target=\"_blank\">44. ZOONOZLAR VE ZOONOT\u0130K ETKENLER, \u0130LG\u0130L\u0130 ANT\u0130M\u0130KROB\u0130YAL D\u0130REN\u00c7 VE GIDA KAYNAKLI SALGINLARIN \u0130ZLENMES\u0130 Y\u00d6NETMEL\u0130\u011e<\/a>\u0130<\/li><\/ul>\n<\/div><\/div>\n\n\n\n<p><\/p>\n","protected":false},"excerpt":{"rendered":"<p>1. ARICILIK Y\u00d6NETMEL\u0130\u011e\u0130 2. BULA\u015eICI HAYVAN HASTALIKLARI \u0130LE M\u00dcCADELEDE UYGULANACAK GENEL H\u00dcK\u00dcMLERE \u0130L\u0130\u015eK\u0130N Y\u00d6NETMEL\u0130K 3. CANLI HAYVANLAR VE HAYVANSAL \u00dcR\u00dcNLERDE BEL\u0130RL\u0130 MADDELER \u0130LE BUNLARIN KALINTILARININ \u0130ZLENMES\u0130 \u0130\u00c7\u0130N ALINACAK \u00d6NLEMLERE DA\u0130R Y\u00d6NETMEL\u0130K 4. \u00c7\u0130FTL\u0130K HAYVANLARININ REFAHINA \u0130L\u0130\u015eK\u0130N GENEL H\u00dcK\u00dcMLER HAKKINDA Y\u00d6NETMEL\u0130K 5. DENEYSEL VE D\u0130\u011eER B\u0130L\u0130MSEL AMA\u00c7LAR \u0130\u00c7\u0130N KULLANILAN HAYVANLARIN REFAH VE KORUNMASINA DA\u0130R Y\u00d6NETMEL\u0130K 6. [&hellip;]<\/p>\n","protected":false},"author":1,"featured_media":0,"parent":0,"menu_order":0,"comment_status":"closed","ping_status":"closed","template":"","meta":{"footnotes":""},"class_list":["post-26","page","type-page","status-publish","hentry"],"_links":{"self":[{"href":"https:\/\/www.kocaelivho.org.tr\/index.php?rest_route=\/wp\/v2\/pages\/26","targetHints":{"allow":["GET"]}}],"collection":[{"href":"https:\/\/www.kocaelivho.org.tr\/index.php?rest_route=\/wp\/v2\/pages"}],"about":[{"href":"https:\/\/www.kocaelivho.org.tr\/index.php?rest_route=\/wp\/v2\/types\/page"}],"author":[{"embeddable":true,"href":"https:\/\/www.kocaelivho.org.tr\/index.php?rest_route=\/wp\/v2\/users\/1"}],"replies":[{"embeddable":true,"href":"https:\/\/www.kocaelivho.org.tr\/index.php?rest_route=%2Fwp%2Fv2%2Fcomments&post=26"}],"version-history":[{"count":3,"href":"https:\/\/www.kocaelivho.org.tr\/index.php?rest_route=\/wp\/v2\/pages\/26\/revisions"}],"predecessor-version":[{"id":163,"href":"https:\/\/www.kocaelivho.org.tr\/index.php?rest_route=\/wp\/v2\/pages\/26\/revisions\/163"}],"wp:attachment":[{"href":"https:\/\/www.kocaelivho.org.tr\/index.php?rest_route=%2Fwp%2Fv2%2Fmedia&parent=26"}],"curies":[{"name":"wp","href":"https:\/\/api.w.org\/{rel}","templated":true}]}}