{"id":28,"date":"2022-04-21T00:07:11","date_gmt":"2022-04-20T21:07:11","guid":{"rendered":"http:\/\/kocaelivho.org.tr\/?page_id=28"},"modified":"2023-01-13T10:08:33","modified_gmt":"2023-01-13T07:08:33","slug":"banka-bilgileri","status":"publish","type":"page","link":"https:\/\/www.kocaelivho.org.tr\/?page_id=28","title":{"rendered":"Banka Bilgileri"},"content":{"rendered":"\n<h5 class=\"wp-block-heading\">\u00d6deme sonras\u0131 dekontlar\u0131&nbsp;<a><\/a><a href=\"mailto:#\">&nbsp;odeme@kocaeli.vho.org.tr<\/a>&nbsp;adresine bildirmeniz rica olunur.<\/h5>\n\n\n\n<p><strong>\u00dcye aidatlar\u0131 ve belge \u00fccretlerini T.C. Ziraat Bankas\u0131 Kuru\u00e7e\u015fme \u015eubesi<\/strong><br><strong>TR780001002147636905565005<\/strong>\u00a0numaral\u0131 hesaba yat\u0131rabilirsiniz<\/p>\n\n\n<div class=\"wp-block-image\">\n<figure class=\"alignleft size-full is-resized\"><img loading=\"lazy\" decoding=\"async\" src=\"http:\/\/kocaelivho.org.tr\/wp-content\/uploads\/2022\/04\/banka-logo.jpg\" alt=\"\" class=\"wp-image-86\" width=\"91\" height=\"91\" srcset=\"https:\/\/www.kocaelivho.org.tr\/wp-content\/uploads\/2022\/04\/banka-logo.jpg 200w, https:\/\/www.kocaelivho.org.tr\/wp-content\/uploads\/2022\/04\/banka-logo-300x300.jpg 300w, https:\/\/www.kocaelivho.org.tr\/wp-content\/uploads\/2022\/04\/banka-logo-100x100.jpg 100w, https:\/\/www.kocaelivho.org.tr\/wp-content\/uploads\/2022\/04\/banka-logo-150x150.jpg 150w\" sizes=\"auto, (max-width: 91px) 100vw, 91px\" \/><\/figure>\n<\/div>\n\n\n<p><sub>T.C. Ziraat Bankas\u0131<\/sub><\/p>\n\n\n\n<p>Kuru\u00e7e\u015fme \u015eubesi<\/p>\n\n\n\n<hr class=\"wp-block-separator has-css-opacity is-style-wide\"\/>\n\n\n\n<p><strong>Mikro\u00e7ip tahsis \u00fccretlerini T.C. Ziraat Bankas\u0131 Kuru\u00e7e\u015fme \u015eubesi<\/strong><br><strong>TR51 0001 0021 4763 6905 5650 06<\/strong>&nbsp;numaral\u0131 hesaba yat\u0131rabilirsiniz<\/p>\n\n\n\n<div class=\"wp-block-media-text alignwide is-stacked-on-mobile\" style=\"grid-template-columns:15% auto\"><figure class=\"wp-block-media-text__media\"><img loading=\"lazy\" decoding=\"async\" width=\"200\" height=\"200\" src=\"http:\/\/kocaelivho.org.tr\/wp-content\/uploads\/2022\/04\/banka-logo.jpg\" alt=\"\" class=\"wp-image-86 size-full\" srcset=\"https:\/\/www.kocaelivho.org.tr\/wp-content\/uploads\/2022\/04\/banka-logo.jpg 200w, https:\/\/www.kocaelivho.org.tr\/wp-content\/uploads\/2022\/04\/banka-logo-300x300.jpg 300w, https:\/\/www.kocaelivho.org.tr\/wp-content\/uploads\/2022\/04\/banka-logo-100x100.jpg 100w, https:\/\/www.kocaelivho.org.tr\/wp-content\/uploads\/2022\/04\/banka-logo-150x150.jpg 150w\" sizes=\"auto, (max-width: 200px) 100vw, 200px\" \/><\/figure><div class=\"wp-block-media-text__content\">\n<p>T.C. Ziraat Bankas\u0131<\/p>\n\n\n\n<p>Kuru\u00e7e\u015fme \u015eubesi<\/p>\n<\/div><\/div>\n\n\n\n<p><\/p>\n","protected":false},"excerpt":{"rendered":"<p>\u00d6deme sonras\u0131 dekontlar\u0131&nbsp;&nbsp;odeme@kocaeli.vho.org.tr&nbsp;adresine bildirmeniz rica olunur. \u00dcye aidatlar\u0131 ve belge \u00fccretlerini T.C. Ziraat Bankas\u0131 Kuru\u00e7e\u015fme \u015eubesiTR780001002147636905565005\u00a0numaral\u0131 hesaba yat\u0131rabilirsiniz T.C. Ziraat Bankas\u0131 Kuru\u00e7e\u015fme \u015eubesi Mikro\u00e7ip tahsis \u00fccretlerini T.C. Ziraat Bankas\u0131 Kuru\u00e7e\u015fme \u015eubesiTR51 0001 0021 4763 6905 5650 06&nbsp;numaral\u0131 hesaba yat\u0131rabilirsiniz T.C. Ziraat Bankas\u0131 Kuru\u00e7e\u015fme \u015eubesi<\/p>\n","protected":false},"author":1,"featured_media":0,"parent":0,"menu_order":0,"comment_status":"closed","ping_status":"closed","template":"","meta":{"footnotes":""},"class_list":["post-28","page","type-page","status-publish","hentry"],"_links":{"self":[{"href":"https:\/\/www.kocaelivho.org.tr\/index.php?rest_route=\/wp\/v2\/pages\/28","targetHints":{"allow":["GET"]}}],"collection":[{"href":"https:\/\/www.kocaelivho.org.tr\/index.php?rest_route=\/wp\/v2\/pages"}],"about":[{"href":"https:\/\/www.kocaelivho.org.tr\/index.php?rest_route=\/wp\/v2\/types\/page"}],"author":[{"embeddable":true,"href":"https:\/\/www.kocaelivho.org.tr\/index.php?rest_route=\/wp\/v2\/users\/1"}],"replies":[{"embeddable":true,"href":"https:\/\/www.kocaelivho.org.tr\/index.php?rest_route=%2Fwp%2Fv2%2Fcomments&post=28"}],"version-history":[{"count":6,"href":"https:\/\/www.kocaelivho.org.tr\/index.php?rest_route=\/wp\/v2\/pages\/28\/revisions"}],"predecessor-version":[{"id":550,"href":"https:\/\/www.kocaelivho.org.tr\/index.php?rest_route=\/wp\/v2\/pages\/28\/revisions\/550"}],"wp:attachment":[{"href":"https:\/\/www.kocaelivho.org.tr\/index.php?rest_route=%2Fwp%2Fv2%2Fmedia&parent=28"}],"curies":[{"name":"wp","href":"https:\/\/api.w.org\/{rel}","templated":true}]}}