{"id":30,"date":"2022-04-21T00:07:11","date_gmt":"2022-04-20T21:07:11","guid":{"rendered":"http:\/\/kocaelivho.org.tr\/?page_id=30"},"modified":"2022-04-21T00:33:48","modified_gmt":"2022-04-20T21:33:48","slug":"dilekceler","status":"publish","type":"page","link":"https:\/\/www.kocaelivho.org.tr\/?page_id=30","title":{"rendered":"Dilek\u00e7eler"},"content":{"rendered":"\n<h5 class=\"wp-block-heading\">\u00d6rnek formlara buradan ula\u015fabilirsiniz.<\/h5>\n\n\n\n<div class=\"wp-block-file\"><a id=\"wp-block-file--media-55cf1771-9162-4056-a15f-b6069b6f823f\" href=\"http:\/\/kocaelivho.org.tr\/wp-content\/uploads\/2022\/04\/uye_dilekce.docx\">\u00dcyelik Ba\u015fvuru Dilek\u00e7esi<\/a><a href=\"http:\/\/kocaelivho.org.tr\/wp-content\/uploads\/2022\/04\/uye_dilekce.docx\" class=\"wp-block-file__button\" download aria-describedby=\"wp-block-file--media-55cf1771-9162-4056-a15f-b6069b6f823f\">\u0130ndir<\/a><\/div>\n\n\n\n<div class=\"wp-block-file\"><a id=\"wp-block-file--media-0165e5d3-7f26-48c5-b533-205cbf341b10\" href=\"http:\/\/kocaelivho.org.tr\/wp-content\/uploads\/2022\/04\/NAKIL.docx\">\u00dcye Nakli Dilek\u00e7esi<\/a><a href=\"http:\/\/kocaelivho.org.tr\/wp-content\/uploads\/2022\/04\/NAKIL.docx\" class=\"wp-block-file__button\" download aria-describedby=\"wp-block-file--media-0165e5d3-7f26-48c5-b533-205cbf341b10\">\u0130ndir<\/a><\/div>\n\n\n\n<div class=\"wp-block-file\"><a id=\"wp-block-file--media-628e5288-bc99-4056-a5dd-546292266202\" href=\"http:\/\/kocaelivho.org.tr\/wp-content\/uploads\/2022\/04\/banka_basvurusu.docx\">Banka Ba\u015fvurusu<\/a><a href=\"http:\/\/kocaelivho.org.tr\/wp-content\/uploads\/2022\/04\/banka_basvurusu.docx\" class=\"wp-block-file__button\" download aria-describedby=\"wp-block-file--media-628e5288-bc99-4056-a5dd-546292266202\">\u0130ndir<\/a><\/div>\n\n\n\n<div class=\"wp-block-file\"><a id=\"wp-block-file--media-b3c8234d-7b37-442e-b8f5-690fb6687e3f\" href=\"http:\/\/kocaelivho.org.tr\/wp-content\/uploads\/2022\/04\/calisma_izin_belgesi.docx\">\u00c7al\u0131\u015fma \u0130zin Belgesi<\/a><a href=\"http:\/\/kocaelivho.org.tr\/wp-content\/uploads\/2022\/04\/calisma_izin_belgesi.docx\" class=\"wp-block-file__button\" download aria-describedby=\"wp-block-file--media-b3c8234d-7b37-442e-b8f5-690fb6687e3f\">\u0130ndir<\/a><\/div>\n\n\n\n<div class=\"wp-block-file\"><a id=\"wp-block-file--media-84fa4d7b-5356-46bc-88ed-ed149f863f18\" href=\"http:\/\/kocaelivho.org.tr\/wp-content\/uploads\/2022\/04\/calisma_izin_yenileme.docx\">\u00c7al\u0131\u015fma \u0130zin Yenileme Dilek\u00e7esi<\/a><a href=\"http:\/\/kocaelivho.org.tr\/wp-content\/uploads\/2022\/04\/calisma_izin_yenileme.docx\" class=\"wp-block-file__button\" download aria-describedby=\"wp-block-file--media-84fa4d7b-5356-46bc-88ed-ed149f863f18\">\u0130ndir<\/a><\/div>\n\n\n\n<div class=\"wp-block-file\"><a id=\"wp-block-file--media-aab981e5-ef51-4ed2-b9bf-3def729c4d86\" href=\"http:\/\/kocaelivho.org.tr\/wp-content\/uploads\/2022\/04\/CALISMAIPTAL.docx\">\u00c7al\u0131\u015fma \u0130zin \u0130ptal Dilek\u00e7esi<\/a><a href=\"http:\/\/kocaelivho.org.tr\/wp-content\/uploads\/2022\/04\/CALISMAIPTAL.docx\" class=\"wp-block-file__button\" download aria-describedby=\"wp-block-file--media-aab981e5-ef51-4ed2-b9bf-3def729c4d86\">\u0130ndir<\/a><\/div>\n\n\n\n<div class=\"wp-block-file\"><a id=\"wp-block-file--media-ec1f0d9b-4da4-41b4-969f-4dca1f3c6b1c\" href=\"http:\/\/kocaelivho.org.tr\/wp-content\/uploads\/2022\/04\/klinik_acma_izin_belgesi.docx\">Klinik A\u00e7ma \u0130zin Belgesi<\/a><a href=\"http:\/\/kocaelivho.org.tr\/wp-content\/uploads\/2022\/04\/klinik_acma_izin_belgesi.docx\" class=\"wp-block-file__button\" download aria-describedby=\"wp-block-file--media-ec1f0d9b-4da4-41b4-969f-4dca1f3c6b1c\">\u0130ndir<\/a><\/div>\n\n\n\n<div class=\"wp-block-file\"><a id=\"wp-block-file--media-b0df282a-ee42-4d4e-a4ec-9ed7e4147b95\" href=\"http:\/\/kocaelivho.org.tr\/wp-content\/uploads\/2022\/04\/klinik_calisan_izin_belgesi.docx\">Klinik \u00c7al\u0131\u015fan \u0130zin Dilek\u00e7esi<\/a><a href=\"http:\/\/kocaelivho.org.tr\/wp-content\/uploads\/2022\/04\/klinik_calisan_izin_belgesi.docx\" class=\"wp-block-file__button\" download aria-describedby=\"wp-block-file--media-b0df282a-ee42-4d4e-a4ec-9ed7e4147b95\">\u0130ndir<\/a><\/div>\n\n\n\n<div class=\"wp-block-file\"><a id=\"wp-block-file--media-26a5420c-9ef0-40b1-b636-3cb23bdbf77e\" href=\"http:\/\/kocaelivho.org.tr\/wp-content\/uploads\/2022\/04\/konsulusluk_icin_faaileye_belgesi.docx\">Konsolosluk \u0130\u00e7in Faaliyet Belgesi<\/a><a href=\"http:\/\/kocaelivho.org.tr\/wp-content\/uploads\/2022\/04\/konsulusluk_icin_faaileye_belgesi.docx\" class=\"wp-block-file__button\" download aria-describedby=\"wp-block-file--media-26a5420c-9ef0-40b1-b636-3cb23bdbf77e\">\u0130ndir<\/a><\/div>\n\n\n\n<div class=\"wp-block-file\"><a id=\"wp-block-file--media-c3e73b64-7067-4abb-959a-b44f5bb9855b\" href=\"http:\/\/kocaelivho.org.tr\/wp-content\/uploads\/2022\/04\/pet_shop_sozlesme_onay.docx\">Petshop S\u00f6zle\u015fme Onay Dilek\u00e7esi<\/a><a href=\"http:\/\/kocaelivho.org.tr\/wp-content\/uploads\/2022\/04\/pet_shop_sozlesme_onay.docx\" class=\"wp-block-file__button\" download aria-describedby=\"wp-block-file--media-c3e73b64-7067-4abb-959a-b44f5bb9855b\">\u0130ndir<\/a><\/div>\n\n\n\n<div class=\"wp-block-file\"><a id=\"wp-block-file--media-98004a99-3aa4-4910-b240-fe9d09ffd60d\" href=\"http:\/\/kocaelivho.org.tr\/wp-content\/uploads\/2022\/04\/pet_shop_iptal_dilekce.docx\">Petshop \u00c7al\u0131\u015fma Belgesi \u0130ptal Dilek\u00e7esi<\/a><a href=\"http:\/\/kocaelivho.org.tr\/wp-content\/uploads\/2022\/04\/pet_shop_iptal_dilekce.docx\" class=\"wp-block-file__button\" download aria-describedby=\"wp-block-file--media-98004a99-3aa4-4910-b240-fe9d09ffd60d\">\u0130ndir<\/a><\/div>\n\n\n\n<p><\/p>\n","protected":false},"excerpt":{"rendered":"<p>\u00d6rnek formlara buradan ula\u015fabilirsiniz.<\/p>\n","protected":false},"author":1,"featured_media":0,"parent":0,"menu_order":0,"comment_status":"closed","ping_status":"closed","template":"","meta":{"footnotes":""},"class_list":["post-30","page","type-page","status-publish","hentry"],"_links":{"self":[{"href":"https:\/\/www.kocaelivho.org.tr\/index.php?rest_route=\/wp\/v2\/pages\/30","targetHints":{"allow":["GET"]}}],"collection":[{"href":"https:\/\/www.kocaelivho.org.tr\/index.php?rest_route=\/wp\/v2\/pages"}],"about":[{"href":"https:\/\/www.kocaelivho.org.tr\/index.php?rest_route=\/wp\/v2\/types\/page"}],"author":[{"embeddable":true,"href":"https:\/\/www.kocaelivho.org.tr\/index.php?rest_route=\/wp\/v2\/users\/1"}],"replies":[{"embeddable":true,"href":"https:\/\/www.kocaelivho.org.tr\/index.php?rest_route=%2Fwp%2Fv2%2Fcomments&post=30"}],"version-history":[{"count":3,"href":"https:\/\/www.kocaelivho.org.tr\/index.php?rest_route=\/wp\/v2\/pages\/30\/revisions"}],"predecessor-version":[{"id":101,"href":"https:\/\/www.kocaelivho.org.tr\/index.php?rest_route=\/wp\/v2\/pages\/30\/revisions\/101"}],"wp:attachment":[{"href":"https:\/\/www.kocaelivho.org.tr\/index.php?rest_route=%2Fwp%2Fv2%2Fmedia&parent=30"}],"curies":[{"name":"wp","href":"https:\/\/api.w.org\/{rel}","templated":true}]}}