{"id":49,"date":"2022-04-21T00:09:49","date_gmt":"2022-04-20T21:09:49","guid":{"rendered":"http:\/\/kocaelivho.org.tr\/?page_id=49"},"modified":"2024-11-20T17:19:29","modified_gmt":"2024-11-20T14:19:29","slug":"haysiyet-divani","status":"publish","type":"page","link":"https:\/\/www.kocaelivho.org.tr\/?page_id=49","title":{"rendered":"Haysiyet Divan\u0131"},"content":{"rendered":"\n<div class=\"wp-block-columns alignfull is-layout-flex wp-container-core-columns-is-layout-28f84493 wp-block-columns-is-layout-flex\">\n<div class=\"wp-block-column is-layout-flow wp-block-column-is-layout-flow\" style=\"flex-basis:50%\">\n<div class=\"wp-block-cover is-light\" style=\"min-height:705px;aspect-ratio:unset;\"><span aria-hidden=\"true\" class=\"wp-block-cover__background has-background-dim-100 has-background-dim\" style=\"background-color:#f6f6f6\"><\/span><div class=\"wp-block-cover__inner-container is-layout-flow wp-block-cover-is-layout-flow\"><div class=\"wp-block-image\">\n<figure class=\"aligncenter size-large is-resized\"><img loading=\"lazy\" decoding=\"async\" width=\"1024\" height=\"1024\" src=\"http:\/\/kocaelivho.org.tr\/wp-content\/uploads\/2022\/04\/resize_-1605980451-1024x1024.png\" alt=\"\" class=\"wp-image-147\" style=\"width:-109px;height:-109px\" srcset=\"https:\/\/www.kocaelivho.org.tr\/wp-content\/uploads\/2022\/04\/resize_-1605980451-1024x1024.png 1024w, https:\/\/www.kocaelivho.org.tr\/wp-content\/uploads\/2022\/04\/resize_-1605980451-300x300.png 300w, https:\/\/www.kocaelivho.org.tr\/wp-content\/uploads\/2022\/04\/resize_-1605980451-100x100.png 100w, https:\/\/www.kocaelivho.org.tr\/wp-content\/uploads\/2022\/04\/resize_-1605980451-600x600.png 600w, https:\/\/www.kocaelivho.org.tr\/wp-content\/uploads\/2022\/04\/resize_-1605980451-150x150.png 150w, https:\/\/www.kocaelivho.org.tr\/wp-content\/uploads\/2022\/04\/resize_-1605980451-768x768.png 768w, https:\/\/www.kocaelivho.org.tr\/wp-content\/uploads\/2022\/04\/resize_-1605980451-200x200.png 200w, https:\/\/www.kocaelivho.org.tr\/wp-content\/uploads\/2022\/04\/resize_-1605980451.png 1276w\" sizes=\"auto, (max-width: 1024px) 100vw, 1024px\" \/><\/figure>\n<\/div><\/div><\/div>\n<\/div>\n\n\n\n<div class=\"wp-block-column is-vertically-aligned-center is-layout-flow wp-block-column-is-layout-flow\" style=\"padding-top:1em;padding-right:1em;padding-bottom:1em;padding-left:1em\">\n<div class=\"wp-block-columns is-layout-flex wp-container-core-columns-is-layout-28f84493 wp-block-columns-is-layout-flex\">\n<div class=\"wp-block-column is-layout-flow wp-block-column-is-layout-flow\" style=\"flex-basis:320px\">\n<p class=\"has-small-font-size\">Oda Haysiyet Divan\u0131,&nbsp;<em>6343 Say\u0131l\u0131 Veteriner Hekimli\u011fi Mesle\u011finin \u0130cras\u0131na, T\u00fcrk Veteriner Hekimleri Birli\u011fi \u0130le Odalar\u0131n\u0131n Te\u015fekk\u00fcl Tarz\u0131na Ve G\u00f6rece\u011fi \u0130\u015flere Dair Kanun Ve T\u00fcrk Veteriner Hekimleri Birli\u011fi Hizmetlerinin Y\u00fcr\u00fct\u00fclmesine \u0130li\u015fkin Uygulama Y\u00f6netmeli\u011fi<\/em>&nbsp;H\u00fck\u00fcmlerince \u0130ki Y\u0131l \u0130\u00e7in Se\u00e7ilen Be\u015f \u00dcyeden Olu\u015fur.<\/p>\n\n\n\n<ul class=\"wp-block-list\">\n<li>Oda y\u00f6netim kurulunca, gerek ba\u015fvuru \u00fczerine gerekse do\u011frudan do\u011fruya kurula yans\u0131t\u0131lan konular hakk\u0131nda karar vermek.<\/li>\n\n\n\n<li>Oda genel kurulunun se\u00e7imle ilgili toplant\u0131lar\u0131na kat\u0131lmayan \u00fcye ve delegelerin durumlar\u0131n\u0131 incelemek, ge\u00e7erli mazereti olmayanlar hakk\u0131nda gerekli i\u015flemi yapmak.<\/li>\n\n\n\n<li>Oda haysiyet divan\u0131 kararlar\u0131ndan, Y\u00fcksek Haysiyet Divan\u0131 taraf\u0131ndan bozulanlar\u0131 yeniden incelemek ve karara ba\u011flamak.<\/li>\n<\/ul>\n\n\n\n<hr class=\"wp-block-separator has-css-opacity is-style-default\"\/>\n\n\n\n<h3 class=\"wp-block-heading\"><strong><em>Asil \u00dcyeler<\/em><\/strong><\/h3>\n\n\n\n<ul class=\"wp-block-list\">\n<li>Deniz G\u00dcVEN<\/li>\n\n\n\n<li>Engin CANT\u00d6R\u00dc<\/li>\n\n\n\n<li>Soner G\u00d6N\u00dcLALAN<\/li>\n\n\n\n<li>Tercan MET\u0130N<\/li>\n\n\n\n<li>Tuncay AYDEM\u0130R<\/li>\n<\/ul>\n\n\n\n<h3 class=\"wp-block-heading\"><em><strong>Yedek \u00dcyeler<\/strong><\/em><\/h3>\n\n\n\n<ul class=\"wp-block-list\">\n<li>Fatma D\u0130LBER<\/li>\n\n\n\n<li>Zeki DEM\u0130RC\u0130<\/li>\n<\/ul>\n<\/div>\n<\/div>\n<\/div>\n<\/div>\n","protected":false},"excerpt":{"rendered":"<p>Oda Haysiyet Divan\u0131,&nbsp;6343 Say\u0131l\u0131 Veteriner Hekimli\u011fi Mesle\u011finin \u0130cras\u0131na, T\u00fcrk Veteriner Hekimleri Birli\u011fi \u0130le Odalar\u0131n\u0131n Te\u015fekk\u00fcl Tarz\u0131na Ve G\u00f6rece\u011fi \u0130\u015flere Dair Kanun Ve T\u00fcrk Veteriner Hekimleri Birli\u011fi Hizmetlerinin Y\u00fcr\u00fct\u00fclmesine \u0130li\u015fkin Uygulama Y\u00f6netmeli\u011fi&nbsp;H\u00fck\u00fcmlerince \u0130ki Y\u0131l \u0130\u00e7in Se\u00e7ilen Be\u015f \u00dcyeden Olu\u015fur. Asil \u00dcyeler Yedek \u00dcyeler<\/p>\n","protected":false},"author":1,"featured_media":0,"parent":18,"menu_order":0,"comment_status":"closed","ping_status":"closed","template":"","meta":{"footnotes":""},"class_list":["post-49","page","type-page","status-publish","hentry"],"_links":{"self":[{"href":"https:\/\/www.kocaelivho.org.tr\/index.php?rest_route=\/wp\/v2\/pages\/49","targetHints":{"allow":["GET"]}}],"collection":[{"href":"https:\/\/www.kocaelivho.org.tr\/index.php?rest_route=\/wp\/v2\/pages"}],"about":[{"href":"https:\/\/www.kocaelivho.org.tr\/index.php?rest_route=\/wp\/v2\/types\/page"}],"author":[{"embeddable":true,"href":"https:\/\/www.kocaelivho.org.tr\/index.php?rest_route=\/wp\/v2\/users\/1"}],"replies":[{"embeddable":true,"href":"https:\/\/www.kocaelivho.org.tr\/index.php?rest_route=%2Fwp%2Fv2%2Fcomments&post=49"}],"version-history":[{"count":5,"href":"https:\/\/www.kocaelivho.org.tr\/index.php?rest_route=\/wp\/v2\/pages\/49\/revisions"}],"predecessor-version":[{"id":848,"href":"https:\/\/www.kocaelivho.org.tr\/index.php?rest_route=\/wp\/v2\/pages\/49\/revisions\/848"}],"up":[{"embeddable":true,"href":"https:\/\/www.kocaelivho.org.tr\/index.php?rest_route=\/wp\/v2\/pages\/18"}],"wp:attachment":[{"href":"https:\/\/www.kocaelivho.org.tr\/index.php?rest_route=%2Fwp%2Fv2%2Fmedia&parent=49"}],"curies":[{"name":"wp","href":"https:\/\/api.w.org\/{rel}","templated":true}]}}