{"id":494,"date":"2023-01-07T00:29:26","date_gmt":"2023-01-06T21:29:26","guid":{"rendered":"https:\/\/kocaelivho.org.tr\/?page_id=494"},"modified":"2025-12-31T14:31:42","modified_gmt":"2025-12-31T11:31:42","slug":"asgari-ucret-tarifesi","status":"publish","type":"page","link":"https:\/\/www.kocaelivho.org.tr\/?page_id=494","title":{"rendered":"Asgari \u00dccret Tarifesi"},"content":{"rendered":"\n<h2 class=\"wp-block-heading has-text-align-center\">2026 Y\u0131l\u0131 Kocaeli Poliklinik, Klinik Asgari \u00dccret Tarifesi<\/h2>\n\n\n<a href=\"https:\/\/www.kocaelivho.org.tr\/wp-content\/uploads\/2025\/12\/KITAPCIK-2026-YILI-ASGARI-TARIFE-22.12.2025-1.pdf-1.pdf\" class=\"pdfemb-viewer\" style=\"\" data-width=\"max\" data-height=\"max\" data-toolbar=\"bottom\" data-toolbar-fixed=\"off\">KITAPCIK-2026-YILI-ASGARI-TARIFE-22.12.2025-1.pdf-1<\/a>\n\n\n<p><\/p>\n","protected":false},"excerpt":{"rendered":"<p>2026 Y\u0131l\u0131 Kocaeli Poliklinik, Klinik Asgari \u00dccret Tarifesi<\/p>\n","protected":false},"author":1,"featured_media":0,"parent":0,"menu_order":0,"comment_status":"closed","ping_status":"closed","template":"","meta":{"footnotes":""},"class_list":["post-494","page","type-page","status-publish","hentry"],"_links":{"self":[{"href":"https:\/\/www.kocaelivho.org.tr\/index.php?rest_route=\/wp\/v2\/pages\/494","targetHints":{"allow":["GET"]}}],"collection":[{"href":"https:\/\/www.kocaelivho.org.tr\/index.php?rest_route=\/wp\/v2\/pages"}],"about":[{"href":"https:\/\/www.kocaelivho.org.tr\/index.php?rest_route=\/wp\/v2\/types\/page"}],"author":[{"embeddable":true,"href":"https:\/\/www.kocaelivho.org.tr\/index.php?rest_route=\/wp\/v2\/users\/1"}],"replies":[{"embeddable":true,"href":"https:\/\/www.kocaelivho.org.tr\/index.php?rest_route=%2Fwp%2Fv2%2Fcomments&post=494"}],"version-history":[{"count":17,"href":"https:\/\/www.kocaelivho.org.tr\/index.php?rest_route=\/wp\/v2\/pages\/494\/revisions"}],"predecessor-version":[{"id":1389,"href":"https:\/\/www.kocaelivho.org.tr\/index.php?rest_route=\/wp\/v2\/pages\/494\/revisions\/1389"}],"wp:attachment":[{"href":"https:\/\/www.kocaelivho.org.tr\/index.php?rest_route=%2Fwp%2Fv2%2Fmedia&parent=494"}],"curies":[{"name":"wp","href":"https:\/\/api.w.org\/{rel}","templated":true}]}}