{"id":50,"date":"2022-04-21T00:09:49","date_gmt":"2022-04-20T21:09:49","guid":{"rendered":"http:\/\/kocaelivho.org.tr\/?page_id=50"},"modified":"2024-11-20T17:21:33","modified_gmt":"2024-11-20T14:21:33","slug":"denetleme-kurulu","status":"publish","type":"page","link":"https:\/\/www.kocaelivho.org.tr\/?page_id=50","title":{"rendered":"Denetleme Kurulu"},"content":{"rendered":"\n<div class=\"wp-block-media-text alignwide is-stacked-on-mobile\" style=\"grid-template-columns:38% auto\"><figure class=\"wp-block-media-text__media\"><img loading=\"lazy\" decoding=\"async\" width=\"1024\" height=\"1024\" src=\"http:\/\/kocaelivho.org.tr\/wp-content\/uploads\/2022\/04\/resize_-1605980451-1024x1024.png\" alt=\"\" class=\"wp-image-147 size-full\" srcset=\"https:\/\/www.kocaelivho.org.tr\/wp-content\/uploads\/2022\/04\/resize_-1605980451-1024x1024.png 1024w, https:\/\/www.kocaelivho.org.tr\/wp-content\/uploads\/2022\/04\/resize_-1605980451-300x300.png 300w, https:\/\/www.kocaelivho.org.tr\/wp-content\/uploads\/2022\/04\/resize_-1605980451-100x100.png 100w, https:\/\/www.kocaelivho.org.tr\/wp-content\/uploads\/2022\/04\/resize_-1605980451-600x600.png 600w, https:\/\/www.kocaelivho.org.tr\/wp-content\/uploads\/2022\/04\/resize_-1605980451-150x150.png 150w, https:\/\/www.kocaelivho.org.tr\/wp-content\/uploads\/2022\/04\/resize_-1605980451-768x768.png 768w, https:\/\/www.kocaelivho.org.tr\/wp-content\/uploads\/2022\/04\/resize_-1605980451-200x200.png 200w, https:\/\/www.kocaelivho.org.tr\/wp-content\/uploads\/2022\/04\/resize_-1605980451.png 1276w\" sizes=\"auto, (max-width: 1024px) 100vw, 1024px\" \/><\/figure><div class=\"wp-block-media-text__content\">\n<p class=\"has-small-font-size\"><strong><em>Oda Denetleme Kurulu<\/em><\/strong>,&nbsp;<em>6343 Say\u0131l\u0131 Veteriner Hekimli\u011fi Mesle\u011finin \u0130cras\u0131na, T\u00fcrk Veteriner Hekimleri Birli\u011fi \u0130le Odalar\u0131n\u0131n Te\u015fekk\u00fcl Tarz\u0131na Ve G\u00f6rece\u011fi \u0130\u015flere Dair Kanun Ve T\u00fcrk Veteriner Hekimleri Birli\u011fi Hizmetlerinin Y\u00fcr\u00fct\u00fclmesine \u0130li\u015fkin Uygulama Y\u00f6netmeli\u011fi<\/em>&nbsp;H\u00fck\u00fcmlerince \u0130ki Y\u0131l \u0130\u00e7in Se\u00e7ilen iki \u00dcyeden Olu\u015fur.<\/p>\n\n\n\n<ul class=\"wp-block-list\">\n<li>a) Odalar\u0131n hesaplar\u0131n\u0131n ve b\u00fct\u00fcn i\u015flemlerin mevzuata uygunlu\u011funu en az \u00fc\u00e7 ayda bir denetleyerek, haz\u0131rlayaca\u011f\u0131 raporu, biri dosyas\u0131nda saklanmak \u00fczere, \u00f6teki bilgi bak\u0131m\u0131ndan Merkez Konseyine g\u00f6nderilmek \u00fczere, iki kopya olarak oda y\u00f6netim kuruluna vermek.<\/li>\n\n\n\n<li>b) Odan\u0131n hesap i\u015fleri ile y\u00f6netim kurulunun haz\u0131rlad\u0131\u011f\u0131 bilan\u00e7o, yeni y\u0131l b\u00fct\u00e7esi ve personel kadrolar\u0131 hakk\u0131nda raporunu, oda genel kuruluna sunmak \u00fczere haz\u0131rlamak.<\/li>\n\n\n\n<li>c) Zorunlu durumlarda oybirli\u011fi ile verecekleri kararla, oda genel kurulunun ola\u011fan\u00fcst\u00fc toplant\u0131ya \u00e7a\u011fr\u0131lmas\u0131n\u0131 y\u00f6netim kurulundan istemek.<\/li>\n<\/ul>\n\n\n\n<p><strong><em>Kocaeli VHO Denetim Kurulu<\/em><\/strong><\/p>\n\n\n\n<ul class=\"wp-block-list\">\n<li>Hakan ERDO\u011eAN<\/li>\n\n\n\n<li>Muhammet Zahit SARI<\/li>\n<\/ul>\n<\/div><\/div>\n","protected":false},"excerpt":{"rendered":"","protected":false},"author":1,"featured_media":0,"parent":0,"menu_order":0,"comment_status":"closed","ping_status":"closed","template":"","meta":{"footnotes":""},"class_list":["post-50","page","type-page","status-publish","hentry"],"_links":{"self":[{"href":"https:\/\/www.kocaelivho.org.tr\/index.php?rest_route=\/wp\/v2\/pages\/50","targetHints":{"allow":["GET"]}}],"collection":[{"href":"https:\/\/www.kocaelivho.org.tr\/index.php?rest_route=\/wp\/v2\/pages"}],"about":[{"href":"https:\/\/www.kocaelivho.org.tr\/index.php?rest_route=\/wp\/v2\/types\/page"}],"author":[{"embeddable":true,"href":"https:\/\/www.kocaelivho.org.tr\/index.php?rest_route=\/wp\/v2\/users\/1"}],"replies":[{"embeddable":true,"href":"https:\/\/www.kocaelivho.org.tr\/index.php?rest_route=%2Fwp%2Fv2%2Fcomments&post=50"}],"version-history":[{"count":4,"href":"https:\/\/www.kocaelivho.org.tr\/index.php?rest_route=\/wp\/v2\/pages\/50\/revisions"}],"predecessor-version":[{"id":849,"href":"https:\/\/www.kocaelivho.org.tr\/index.php?rest_route=\/wp\/v2\/pages\/50\/revisions\/849"}],"wp:attachment":[{"href":"https:\/\/www.kocaelivho.org.tr\/index.php?rest_route=%2Fwp%2Fv2%2Fmedia&parent=50"}],"curies":[{"name":"wp","href":"https:\/\/api.w.org\/{rel}","templated":true}]}}