{"id":51,"date":"2022-04-21T00:09:49","date_gmt":"2022-04-20T21:09:49","guid":{"rendered":"http:\/\/kocaelivho.org.tr\/?page_id=51"},"modified":"2024-11-20T17:25:05","modified_gmt":"2024-11-20T14:25:05","slug":"kongre-delegeleri","status":"publish","type":"page","link":"https:\/\/www.kocaelivho.org.tr\/?page_id=51","title":{"rendered":"Kongre Delegeleri"},"content":{"rendered":"\n<div class=\"wp-block-media-text alignwide is-stacked-on-mobile is-vertically-aligned-top\" style=\"grid-template-columns:28% auto\"><figure class=\"wp-block-media-text__media\"><img loading=\"lazy\" decoding=\"async\" width=\"1024\" height=\"1024\" src=\"http:\/\/kocaelivho.org.tr\/wp-content\/uploads\/2022\/04\/resize_-1605980451-1024x1024.png\" alt=\"\" class=\"wp-image-147 size-full\" srcset=\"https:\/\/www.kocaelivho.org.tr\/wp-content\/uploads\/2022\/04\/resize_-1605980451-1024x1024.png 1024w, https:\/\/www.kocaelivho.org.tr\/wp-content\/uploads\/2022\/04\/resize_-1605980451-300x300.png 300w, https:\/\/www.kocaelivho.org.tr\/wp-content\/uploads\/2022\/04\/resize_-1605980451-100x100.png 100w, https:\/\/www.kocaelivho.org.tr\/wp-content\/uploads\/2022\/04\/resize_-1605980451-600x600.png 600w, https:\/\/www.kocaelivho.org.tr\/wp-content\/uploads\/2022\/04\/resize_-1605980451-150x150.png 150w, https:\/\/www.kocaelivho.org.tr\/wp-content\/uploads\/2022\/04\/resize_-1605980451-768x768.png 768w, https:\/\/www.kocaelivho.org.tr\/wp-content\/uploads\/2022\/04\/resize_-1605980451-200x200.png 200w, https:\/\/www.kocaelivho.org.tr\/wp-content\/uploads\/2022\/04\/resize_-1605980451.png 1276w\" sizes=\"auto, (max-width: 1024px) 100vw, 1024px\" \/><\/figure><div class=\"wp-block-media-text__content\">\n<h3 class=\"wp-block-heading\">B\u00fcy\u00fck Kongre Delegeleri<\/h3>\n\n\n\n<p>Kocaeli VHO B\u00fcy\u00fck Kongre Delegeleri<a href=\"http:\/\/localhost:81\/web1\/index.php?PAGE=kongre#\"><\/a><a href=\"http:\/\/localhost:81\/web1\/index.php?PAGE=kongre#\"><\/a><a href=\"http:\/\/localhost:81\/web1\/index.php?PAGE=kongre#\"><\/a><a href=\"http:\/\/localhost:81\/web1\/index.php?PAGE=kongre#\"><\/a><a href=\"http:\/\/localhost:81\/web1\/index.php?PAGE=kongre#\"><\/a><\/p>\n\n\n\n<p class=\"has-small-font-size\">B\u00fcy\u00fck Kongre Delegeleri,&nbsp;<em>6343 Say\u0131l\u0131 Veteriner Hekimli\u011fi Mesle\u011finin \u0130cras\u0131na, T\u00fcrk Veteriner Hekimleri Birli\u011fi \u0130le Odalar\u0131n\u0131n Te\u015fekk\u00fcl Tarz\u0131na Ve G\u00f6rece\u011fi \u0130\u015flere Dair Kanun Ve T\u00fcrk Veteriner Hekimleri Birli\u011fi Hizmetlerinin Y\u00fcr\u00fct\u00fclmesine \u0130li\u015fkin Uygulama Y\u00f6netmeli\u011fi<\/em>&nbsp;H\u00fck\u00fcmlerince Oda Kongresinde Se\u00e7ilmi\u015f \u00dcyelerden Olu\u015fur.<\/p>\n\n\n\n<ul class=\"wp-block-list\">\n<li>B\u00fcy\u00fck Kongre; veteriner hekim odalar\u0131ndan, elliye kadar \u00fcyesi olan odalardan iki, y\u00fcze kadar \u00fcyesi olan odalardan d\u00f6rt ve y\u00fczden fazla \u00fcyesi olan odalardan da alt\u0131 se\u00e7ilmi\u015f temsilci, Merkez Konseyi as\u0131l ve yedek \u00fcyeleri, B\u00fcy\u00fck Kongrece se\u00e7ilmi\u015f Y\u00fcksek Haysiyet Divan\u0131 ve Denetleme Kurulu as\u0131l ve yedek \u00fcyeleri ile veteriner hekim odalar\u0131 ba\u015fkanlar\u0131ndan olu\u015fur.<\/li>\n<\/ul>\n\n\n\n<div class=\"wp-block-columns is-layout-flex wp-container-core-columns-is-layout-28f84493 wp-block-columns-is-layout-flex\">\n<div class=\"wp-block-column is-layout-flow wp-block-column-is-layout-flow\">\n<h4 class=\"wp-block-heading\">Asil \u00dcyeler<\/h4>\n\n\n\n<ul class=\"wp-block-list\">\n<li>Ak\u0131n Ziya \u00dcNAL<\/li>\n\n\n\n<li>Birol KALEL\u0130O\u011eLU<\/li>\n\n\n\n<li>C\u00fcneyt \u00d6ZER<\/li>\n\n\n\n<li>G\u00f6khan G\u00dcZEL<\/li>\n\n\n\n<li>G\u00f6rkem DO\u011eAN<\/li>\n\n\n\n<li>Men\u015fure \u00d6zge ALTINAY Y\u00dcCE<\/li>\n\n\n\n<li>Mehmet BOSTANCI<\/li>\n<\/ul>\n<\/div>\n\n\n\n<div class=\"wp-block-column is-layout-flow wp-block-column-is-layout-flow\">\n<h4 class=\"wp-block-heading\">Yedek \u00dcyeler<\/h4>\n\n\n\n<ul class=\"wp-block-list\">\n<li>Asl\u0131han \u00c7ALIK<\/li>\n\n\n\n<li>Aynur K\u00d6YBA\u015eI<\/li>\n\n\n\n<li>Ay\u015fe G\u00fclsu \u00dcNL\u00dc<\/li>\n\n\n\n<li>Fatih URUK<\/li>\n\n\n\n<li>Mehmet \u00c7ET\u0130NKAYA<\/li>\n\n\n\n<li>Mustafa BESLEK<\/li>\n<\/ul>\n<\/div>\n<\/div>\n<\/div><\/div>\n\n\n\n<p><\/p>\n","protected":false},"excerpt":{"rendered":"","protected":false},"author":1,"featured_media":0,"parent":0,"menu_order":0,"comment_status":"closed","ping_status":"closed","template":"","meta":{"footnotes":""},"class_list":["post-51","page","type-page","status-publish","hentry"],"_links":{"self":[{"href":"https:\/\/www.kocaelivho.org.tr\/index.php?rest_route=\/wp\/v2\/pages\/51","targetHints":{"allow":["GET"]}}],"collection":[{"href":"https:\/\/www.kocaelivho.org.tr\/index.php?rest_route=\/wp\/v2\/pages"}],"about":[{"href":"https:\/\/www.kocaelivho.org.tr\/index.php?rest_route=\/wp\/v2\/types\/page"}],"author":[{"embeddable":true,"href":"https:\/\/www.kocaelivho.org.tr\/index.php?rest_route=\/wp\/v2\/users\/1"}],"replies":[{"embeddable":true,"href":"https:\/\/www.kocaelivho.org.tr\/index.php?rest_route=%2Fwp%2Fv2%2Fcomments&post=51"}],"version-history":[{"count":4,"href":"https:\/\/www.kocaelivho.org.tr\/index.php?rest_route=\/wp\/v2\/pages\/51\/revisions"}],"predecessor-version":[{"id":850,"href":"https:\/\/www.kocaelivho.org.tr\/index.php?rest_route=\/wp\/v2\/pages\/51\/revisions\/850"}],"wp:attachment":[{"href":"https:\/\/www.kocaelivho.org.tr\/index.php?rest_route=%2Fwp%2Fv2%2Fmedia&parent=51"}],"curies":[{"name":"wp","href":"https:\/\/api.w.org\/{rel}","templated":true}]}}