{"id":64,"date":"2022-04-21T00:12:09","date_gmt":"2022-04-20T21:12:09","guid":{"rendered":"http:\/\/kocaelivho.org.tr\/?page_id=64"},"modified":"2022-04-21T01:28:37","modified_gmt":"2022-04-20T22:28:37","slug":"kamu-veteriner-hekimligi-komisyonu","status":"publish","type":"page","link":"https:\/\/www.kocaelivho.org.tr\/?page_id=64","title":{"rendered":"Kamu Veteriner Hekimli\u011fi Komisyonu"},"content":{"rendered":"\n<div class=\"wp-block-media-text alignfull is-stacked-on-mobile is-vertically-aligned-center\" style=\"grid-template-columns:21% auto\"><figure class=\"wp-block-media-text__media\"><img loading=\"lazy\" decoding=\"async\" width=\"1024\" height=\"1024\" src=\"http:\/\/kocaelivho.org.tr\/wp-content\/uploads\/2022\/04\/resize_-1605980451-1024x1024.png\" alt=\"\" class=\"wp-image-147 size-full\" srcset=\"https:\/\/www.kocaelivho.org.tr\/wp-content\/uploads\/2022\/04\/resize_-1605980451-1024x1024.png 1024w, https:\/\/www.kocaelivho.org.tr\/wp-content\/uploads\/2022\/04\/resize_-1605980451-300x300.png 300w, https:\/\/www.kocaelivho.org.tr\/wp-content\/uploads\/2022\/04\/resize_-1605980451-100x100.png 100w, https:\/\/www.kocaelivho.org.tr\/wp-content\/uploads\/2022\/04\/resize_-1605980451-600x600.png 600w, https:\/\/www.kocaelivho.org.tr\/wp-content\/uploads\/2022\/04\/resize_-1605980451-150x150.png 150w, https:\/\/www.kocaelivho.org.tr\/wp-content\/uploads\/2022\/04\/resize_-1605980451-768x768.png 768w, https:\/\/www.kocaelivho.org.tr\/wp-content\/uploads\/2022\/04\/resize_-1605980451-200x200.png 200w, https:\/\/www.kocaelivho.org.tr\/wp-content\/uploads\/2022\/04\/resize_-1605980451.png 1276w\" sizes=\"auto, (max-width: 1024px) 100vw, 1024px\" \/><\/figure><div class=\"wp-block-media-text__content\">\n<h3 class=\"wp-block-heading\">Komisyon Ba\u015fkan\u0131<\/h3>\n\n\n\n<p>Fuat KOR\u00c7AK<\/p>\n\n\n\n<hr class=\"wp-block-separator is-style-default\"\/>\n\n\n\n<h2 class=\"wp-block-heading\">\u00dcyeler<\/h2>\n\n\n\n<ul class=\"wp-block-list\"><li>Volkan G\u00d6KG\u00d6Z<\/li><li>Mahir SE\u00c7K\u0130N<\/li><li>H\u00fcseyin Erdal SEL\u00c7UK<\/li><li>Osman ERTEK\u0130N<\/li><\/ul>\n<\/div><\/div>\n\n\n\n<div class=\"wp-block-group\"><div class=\"wp-block-group__inner-container is-layout-flow wp-block-group-is-layout-flow\">\n<p class=\"has-small-font-size\"><strong><em>6343 Say\u0131l\u0131 Veteriner Hekimli\u011fi Mesle\u011finin \u0130cras\u0131na, T\u00fcrk Veteriner Hekimleri Birli\u011fi \u0130le Odalar\u0131n\u0131n Te\u015fekk\u00fcl Tarz\u0131na Ve G\u00f6rece\u011fi \u0130\u015flere Dair Kanun Ve T\u00fcrk Veteriner Hekimleri Birli\u011fi Hizmetlerinin Y\u00fcr\u00fct\u00fclmesine \u0130li\u015fkin Uygulama Y\u00f6netmeli\u011fi&nbsp;H\u00fck\u00fcmlerince olu\u015fturulur.<\/em><\/strong><\/p>\n\n\n\n<p class=\"has-small-font-size\"><strong>&nbsp;Komisyonlar\u0131n olu\u015fumu<\/strong><\/p>\n\n\n\n<p class=\"has-small-font-size\"><strong>&nbsp;&nbsp;&nbsp;&nbsp;&nbsp;&nbsp;&nbsp;&nbsp;&nbsp;&nbsp;&nbsp;&nbsp;&nbsp;MADDE 53 \u2013<\/strong>&nbsp;(1) Oda y\u00f6netim kurullar\u0131, Kanunun 33 ve 34 \u00fcnc\u00fc maddelerinde say\u0131lan g\u00f6revlerini yerine getirmek \u00fczere, \u00fcyeleri aras\u0131nda bu \u00fcyelerin e\u011filim ve isteklerini de g\u00f6z \u00f6n\u00fcnde tutarak de\u011fi\u015fik komisyonlar olu\u015fturabilir. Bu komisyonlar, kendi aralar\u0131ndan toplanarak y\u0131ll\u0131k \u00e7al\u0131\u015fma programlar\u0131n\u0131 d\u00fczenler ve y\u00f6netim kurulunun onay\u0131na sunarlar. Oda y\u00f6netim kurulu, onaylanan programlar\u0131 uygulanmakla y\u00fck\u00fcml\u00fcd\u00fcr.<\/p>\n\n\n\n<p class=\"has-small-font-size\">&nbsp;&nbsp;&nbsp;&nbsp;&nbsp;&nbsp;&nbsp;&nbsp;&nbsp;&nbsp;&nbsp;&nbsp;&nbsp;(2) Komisyonlar, a\u015fa\u011f\u0131daki \u00f6rneklere g\u00f6re olu\u015fturulabilir.<\/p>\n\n\n\n<p class=\"has-small-font-size\">&nbsp;&nbsp;&nbsp;&nbsp;&nbsp;&nbsp;&nbsp;&nbsp;&nbsp;&nbsp;&nbsp;&nbsp;&nbsp;a) Bilimsel toplant\u0131lar d\u00fczenleme komisyonu,<\/p>\n\n\n\n<p class=\"has-small-font-size\">&nbsp;&nbsp;&nbsp;&nbsp;&nbsp;&nbsp;&nbsp;&nbsp;&nbsp;&nbsp;&nbsp;&nbsp;&nbsp;b) Yay\u0131n komisyonu,<\/p>\n\n\n\n<p class=\"has-small-font-size\">&nbsp;&nbsp;&nbsp;&nbsp;&nbsp;&nbsp;&nbsp;&nbsp;&nbsp;&nbsp;&nbsp;&nbsp;&nbsp;c) Yeti\u015ftiriciye hayvan sa\u011fl\u0131\u011f\u0131 e\u011fitimi ve hayvan hastal\u0131klar\u0131ndan korunma bilgisi vermek i\u00e7in \u00e7al\u0131\u015fma komisyonu,<\/p>\n\n\n\n<p class=\"has-small-font-size\">&nbsp;&nbsp;&nbsp;&nbsp;&nbsp;&nbsp;&nbsp;&nbsp;&nbsp;&nbsp;&nbsp;&nbsp;&nbsp;\u00e7) Meslek hatalar\u0131n\u0131 kovu\u015fturma komisyonu,<\/p>\n\n\n\n<p class=\"has-small-font-size\">&nbsp;&nbsp;&nbsp;&nbsp;&nbsp;&nbsp;&nbsp;&nbsp;&nbsp;&nbsp;&nbsp;&nbsp;&nbsp;d) Serbest \u00e7al\u0131\u015fan ve kamu d\u0131\u015f\u0131nda istihdam edilen veteriner hekimlerin \u00e7al\u0131\u015fmalar\u0131n\u0131 y\u00fcr\u00fctmek \u00fczere serbest \u00e7al\u0131\u015fan ve kamu d\u0131\u015f\u0131nda istihdam komisyonu olu\u015fturulur. Bu komisyon iki ayr\u0131 komisyon h\u00e2linde de olu\u015fturulabilir.<\/p>\n\n\n\n<p class=\"has-small-font-size\">&nbsp;&nbsp;&nbsp;&nbsp;&nbsp;&nbsp;&nbsp;&nbsp;&nbsp;&nbsp;&nbsp;&nbsp;&nbsp;(3) Komisyonlar, d\u00fczenleyecekleri bilimsel toplant\u0131lara, panellere, a\u00e7\u0131k oturumlara, konferanslara ve seminerlere kat\u0131lanlar\u0131n dosyalar\u0131na, kat\u0131ld\u0131klar\u0131 etkinlikleri kaydederler.<\/p>\n\n\n\n<p class=\"has-small-font-size\">&nbsp;&nbsp;&nbsp;&nbsp;&nbsp;&nbsp;&nbsp;&nbsp;&nbsp;&nbsp;&nbsp;&nbsp;&nbsp;(4) Komisyonlar, oda y\u00f6netim kurulundan bir \u00fcyenin ba\u015fkanl\u0131\u011f\u0131 alt\u0131nda, oda y\u00f6netim kurulunca belirlenen konuyla ilgili \u00e7al\u0131\u015fan iki ki\u015fi olmak \u00fczere en az \u00fc\u00e7 \u00fcyeden olu\u015fur. Komisyonlar, odan\u0131n belirleyece\u011fi mek\u00e2nda en ge\u00e7&nbsp;onbe\u015f&nbsp;g\u00fcnde bir toplan\u0131r.<\/p>\n<\/div><\/div>\n\n\n\n<p><\/p>\n","protected":false},"excerpt":{"rendered":"<p>6343 Say\u0131l\u0131 Veteriner Hekimli\u011fi Mesle\u011finin \u0130cras\u0131na, T\u00fcrk Veteriner Hekimleri Birli\u011fi \u0130le Odalar\u0131n\u0131n Te\u015fekk\u00fcl Tarz\u0131na Ve G\u00f6rece\u011fi \u0130\u015flere Dair Kanun Ve T\u00fcrk Veteriner Hekimleri Birli\u011fi Hizmetlerinin Y\u00fcr\u00fct\u00fclmesine \u0130li\u015fkin Uygulama Y\u00f6netmeli\u011fi&nbsp;H\u00fck\u00fcmlerince olu\u015fturulur. &nbsp;Komisyonlar\u0131n olu\u015fumu &nbsp;&nbsp;&nbsp;&nbsp;&nbsp;&nbsp;&nbsp;&nbsp;&nbsp;&nbsp;&nbsp;&nbsp;&nbsp;MADDE 53 \u2013&nbsp;(1) Oda y\u00f6netim kurullar\u0131, Kanunun 33 ve 34 \u00fcnc\u00fc maddelerinde say\u0131lan g\u00f6revlerini yerine getirmek \u00fczere, \u00fcyeleri aras\u0131nda bu \u00fcyelerin e\u011filim ve [&hellip;]<\/p>\n","protected":false},"author":1,"featured_media":0,"parent":0,"menu_order":0,"comment_status":"closed","ping_status":"closed","template":"","meta":{"footnotes":""},"class_list":["post-64","page","type-page","status-publish","hentry"],"_links":{"self":[{"href":"https:\/\/www.kocaelivho.org.tr\/index.php?rest_route=\/wp\/v2\/pages\/64","targetHints":{"allow":["GET"]}}],"collection":[{"href":"https:\/\/www.kocaelivho.org.tr\/index.php?rest_route=\/wp\/v2\/pages"}],"about":[{"href":"https:\/\/www.kocaelivho.org.tr\/index.php?rest_route=\/wp\/v2\/types\/page"}],"author":[{"embeddable":true,"href":"https:\/\/www.kocaelivho.org.tr\/index.php?rest_route=\/wp\/v2\/users\/1"}],"replies":[{"embeddable":true,"href":"https:\/\/www.kocaelivho.org.tr\/index.php?rest_route=%2Fwp%2Fv2%2Fcomments&post=64"}],"version-history":[{"count":2,"href":"https:\/\/www.kocaelivho.org.tr\/index.php?rest_route=\/wp\/v2\/pages\/64\/revisions"}],"predecessor-version":[{"id":156,"href":"https:\/\/www.kocaelivho.org.tr\/index.php?rest_route=\/wp\/v2\/pages\/64\/revisions\/156"}],"wp:attachment":[{"href":"https:\/\/www.kocaelivho.org.tr\/index.php?rest_route=%2Fwp%2Fv2%2Fmedia&parent=64"}],"curies":[{"name":"wp","href":"https:\/\/api.w.org\/{rel}","templated":true}]}}