{"id":710,"date":"2024-01-09T21:31:55","date_gmt":"2024-01-09T18:31:55","guid":{"rendered":"https:\/\/www.kocaelivho.org.tr\/?page_id=710"},"modified":"2025-07-28T11:40:05","modified_gmt":"2025-07-28T08:40:05","slug":"2024-yili-veteriner-hekimler-icin-asgari-maas-tarifesi","status":"publish","type":"page","link":"https:\/\/www.kocaelivho.org.tr\/?page_id=710","title":{"rendered":"2025 Y\u0131l\u0131 Veteriner Hekimler \u0130\u00e7in Asgari Maa\u015f Tarifesi"},"content":{"rendered":"\n<p class=\"has-text-align-center\"><strong><em>Kocaeli VHO 2025 y\u0131l\u0131 Veteriner Hekim Asgari \u00dccret Tarifesi<\/em><\/strong><\/p>\n\n\n\n<figure class=\"wp-block-table alignfull is-style-stripes\"><table class=\"has-fixed-layout\"><tbody><tr><td><strong>Sekt\u00f6r<\/strong><\/td><td class=\"has-text-align-center\" data-align=\"center\"><strong>2025 Y\u0131l\u0131 Maa\u015f\u0131<\/strong><br><strong>(1 Temmuz \u0130tibariyle)<\/strong><\/td><td class=\"has-text-align-center\" data-align=\"center\"><strong>2025 Y\u0131l\u0131 Belge \u00dccreti<\/strong><br><strong>(1 Temmuz \u0130tibariyle)<\/strong><\/td><\/tr><tr><td>Veteriner Klinik, Poliklinik Veteriner Hekimi<\/td><td class=\"has-text-align-center\" data-align=\"center\"><strong>71.000 TL<\/strong><\/td><td class=\"has-text-align-center\" data-align=\"center\"><strong>17.750 TL<\/strong><\/td><\/tr><tr><td>G\u0131da \u0130\u015fletme Sorumlu Veteriner Hekimi<\/td><td class=\"has-text-align-center\" data-align=\"center\"><strong>71.000 TL<\/strong><\/td><td class=\"has-text-align-center\" data-align=\"center\"><strong>17.750 TL<\/strong><\/td><\/tr><tr><td>Belediye Bak\u0131mevleri ve Rehabilitasyon \u00c7al\u0131\u015fan Veteriner Hekimi<\/td><td class=\"has-text-align-center\" data-align=\"center\"><strong>71.000 TL<\/strong><\/td><td class=\"has-text-align-center\" data-align=\"center\"><strong>17.750 TL<\/strong><\/td><\/tr><tr><td>Hayvan Hastanesi Uzman Veteriner Hekim<br><small>(Doktoras\u0131n\u0131 Tamamlam\u0131\u015f Veteriner Hekimi ve Sorumlu Veteriner Hekimi)<\/small><\/td><td class=\"has-text-align-center\" data-align=\"center\"><strong>84.420 TL<\/strong><\/td><td class=\"has-text-align-center\" data-align=\"center\"><strong>21.000 TL<\/strong><\/td><\/tr><tr><td>Hayvan Hastanesi \u00c7al\u0131\u015fan Veteriner Hekimi<\/td><td class=\"has-text-align-center\" data-align=\"center\"><strong>77.860 TL<\/strong><\/td><td class=\"has-text-align-center\" data-align=\"center\"><strong>19.500 TL<\/strong><\/td><\/tr><tr><td>Veteriner Ecza Deposu Sorumlu Veteriner Hekimi<\/td><td class=\"has-text-align-center\" data-align=\"center\"><strong>77.860 TL<\/strong><\/td><td class=\"has-text-align-center\" data-align=\"center\"><strong>19.500 TL<\/strong><\/td><\/tr><tr><td>Yem \u00dcretim \u0130\u015fletmesinde \u00c7al\u0131\u015fan Veteriner Hekimi<\/td><td class=\"has-text-align-center\" data-align=\"center\"><strong>77.860 TL<\/strong><\/td><td class=\"has-text-align-center\" data-align=\"center\"><strong>19.500 TL<\/strong><\/td><\/tr><tr><td>Veteriner T\u0131bbi \u00dcr\u00fcn \u00dcretim Sorumlular\u0131 (Pazarlama Ve Farmakovijilans)<\/td><td class=\"has-text-align-center\" data-align=\"center\"><strong>77.860 TL<\/strong><\/td><td class=\"has-text-align-center\" data-align=\"center\"><strong>19.500 TL<\/strong><\/td><\/tr><tr><td>Hayvanc\u0131l\u0131k \u0130\u015fletmesi Veteriner Hekimi<\/td><td class=\"has-text-align-center\" data-align=\"center\"><strong>77.860 TL<\/strong><\/td><td class=\"has-text-align-center\" data-align=\"center\"><strong>19.500 TL<\/strong><\/td><\/tr><tr><td>Kulu\u00e7kahane ve Dam\u0131zl\u0131k Kanatl\u0131 \u0130\u015fletme Veteriner Hekimi<\/td><td class=\"has-text-align-center\" data-align=\"center\"><strong>77.860 TL<\/strong><\/td><td class=\"has-text-align-center\" data-align=\"center\"><strong>19.500 TL<\/strong><\/td><\/tr><tr><td>Hayvanat Bah\u00e7esi Veteriner Hekimi<\/td><td class=\"has-text-align-center\" data-align=\"center\"><strong>77.860 TL<\/strong><\/td><td class=\"has-text-align-center\" data-align=\"center\"><strong>19.500 TL<\/strong><\/td><\/tr><tr><td>Hipermarket Sorumlu Veteriner Hekimi<\/td><td class=\"has-text-align-center\" data-align=\"center\"><strong>77.860 TL<\/strong><\/td><td class=\"has-text-align-center\" data-align=\"center\"><strong>19.500 TL<\/strong><\/td><\/tr><tr><td>Laboratuvar Hayvan\u0131 Sorumlu Veteriner Hekimi<\/td><td class=\"has-text-align-center\" data-align=\"center\"><strong>77.860 TL<\/strong><\/td><td class=\"has-text-align-center\" data-align=\"center\"><strong>19.500 TL<\/strong><\/td><\/tr><tr><td><\/td><td class=\"has-text-align-center\" data-align=\"center\"><\/td><td class=\"has-text-align-center\" data-align=\"center\"><\/td><\/tr><tr><td><\/td><td class=\"has-text-align-center\" data-align=\"center\"><strong>2025 Y\u0131l\u0131 Maa\u015f\u0131<\/strong><br><strong>(1 Temmuz \u0130tibariyle)<\/strong><\/td><td class=\"has-text-align-center\" data-align=\"center\"><strong>2025 Y\u0131l\u0131 Belge \u00dccreti<\/strong><br><strong>(1 Temmuz \u0130tibariyle)<\/strong><\/td><\/tr><tr><td>Ev Hayvan\u0131 Sat\u0131\u015f\u0131 Yapan \u0130\u015f Yeri Veteriner Hekimi<\/td><td class=\"has-text-align-center\" data-align=\"center\">5.000 TL<\/td><td class=\"has-text-align-center\" data-align=\"center\">4.500 TL<\/td><\/tr><tr><td>Ev Hayvan\u0131 Bar\u0131nma ve E\u011fitim Yapan \u0130\u015f Yeri Veteriner Hekimi<\/td><td class=\"has-text-align-center\" data-align=\"center\">10.000 TL<\/td><td class=\"has-text-align-center\" data-align=\"center\">6.000 TL<\/td><\/tr><tr><td>Ev Hayvan\u0131 \u00dcretimi Yapan \u0130\u015f Yeri Veteriner Hekimi<\/td><td class=\"has-text-align-center\" data-align=\"center\">15.000 TL<\/td><td class=\"has-text-align-center\" data-align=\"center\">8.000 TL<\/td><\/tr><\/tbody><\/table><\/figure>\n\n\n\n<p class=\"has-text-align-center has-small-font-size\"><em>Kocaeli Veteriner Hekimler Odas\u0131 taraf\u0131ndan 2025 y\u0131l\u0131 i\u00e7in uygulanacak olan bu \u00fccretler, <strong><mark style=\"background-color:rgba(0, 0, 0, 0)\" class=\"has-inline-color has-vivid-red-color\">asgari net \u00fccretlerdir<\/mark><\/strong>. Alt\u0131nda \u00fccret teklif eden i\u015fletme sahipleri ve alt\u0131nda \u00fccret alan Veteriner Hekimler hakk\u0131nda yasal i\u015flem yap\u0131lacakt\u0131r.<\/em><\/p>\n\n\n\n<p><\/p>\n","protected":false},"excerpt":{"rendered":"<p>Kocaeli VHO 2025 y\u0131l\u0131 Veteriner Hekim Asgari \u00dccret Tarifesi Sekt\u00f6r 2025 Y\u0131l\u0131 Maa\u015f\u0131(1 Temmuz \u0130tibariyle) 2025 Y\u0131l\u0131 Belge \u00dccreti(1 Temmuz \u0130tibariyle) Veteriner Klinik, Poliklinik Veteriner Hekimi 71.000 TL 17.750 TL G\u0131da \u0130\u015fletme Sorumlu Veteriner Hekimi 71.000 TL 17.750 TL Belediye Bak\u0131mevleri ve Rehabilitasyon \u00c7al\u0131\u015fan Veteriner Hekimi 71.000 TL 17.750 TL Hayvan Hastanesi Uzman Veteriner Hekim(Doktoras\u0131n\u0131 [&hellip;]<\/p>\n","protected":false},"author":1,"featured_media":0,"parent":0,"menu_order":0,"comment_status":"closed","ping_status":"closed","template":"","meta":{"footnotes":""},"class_list":["post-710","page","type-page","status-publish","hentry"],"_links":{"self":[{"href":"https:\/\/www.kocaelivho.org.tr\/index.php?rest_route=\/wp\/v2\/pages\/710","targetHints":{"allow":["GET"]}}],"collection":[{"href":"https:\/\/www.kocaelivho.org.tr\/index.php?rest_route=\/wp\/v2\/pages"}],"about":[{"href":"https:\/\/www.kocaelivho.org.tr\/index.php?rest_route=\/wp\/v2\/types\/page"}],"author":[{"embeddable":true,"href":"https:\/\/www.kocaelivho.org.tr\/index.php?rest_route=\/wp\/v2\/users\/1"}],"replies":[{"embeddable":true,"href":"https:\/\/www.kocaelivho.org.tr\/index.php?rest_route=%2Fwp%2Fv2%2Fcomments&post=710"}],"version-history":[{"count":15,"href":"https:\/\/www.kocaelivho.org.tr\/index.php?rest_route=\/wp\/v2\/pages\/710\/revisions"}],"predecessor-version":[{"id":1331,"href":"https:\/\/www.kocaelivho.org.tr\/index.php?rest_route=\/wp\/v2\/pages\/710\/revisions\/1331"}],"wp:attachment":[{"href":"https:\/\/www.kocaelivho.org.tr\/index.php?rest_route=%2Fwp%2Fv2%2Fmedia&parent=710"}],"curies":[{"name":"wp","href":"https:\/\/api.w.org\/{rel}","templated":true}]}}