{"id":73,"date":"2022-04-21T00:14:19","date_gmt":"2022-04-20T21:14:19","guid":{"rendered":"http:\/\/kocaelivho.org.tr\/?page_id=73"},"modified":"2022-12-18T22:39:05","modified_gmt":"2022-12-18T19:39:05","slug":"kocaeli-klinik-ve-poliklinikleri","status":"publish","type":"page","link":"https:\/\/www.kocaelivho.org.tr\/?page_id=73","title":{"rendered":"Kocaeli Klinik ve Poliklinikleri"},"content":{"rendered":"\n<div class=\"wp-block-group\"><div class=\"wp-block-group__inner-container is-layout-constrained wp-block-group-is-layout-constrained\">\n<table id=\"tablepress-1\" class=\"tablepress tablepress-id-1\">\n<thead>\n<tr class=\"row-1\">\n\t<th class=\"column-1\">\u0130l\u00e7e Ad\u0131<\/th><th class=\"column-2\">Klinik Ad\u0131<\/th><th class=\"column-3\">Klinik Yetkilisi<\/th><th class=\"column-4\">Telefon<\/th><th class=\"column-5\">Adres<\/th><th class=\"column-6\">web<\/th><th class=\"column-7\">email<\/th>\n<\/tr>\n<\/thead>\n<tbody class=\"row-striping row-hover\">\n<tr class=\"row-2\">\n\t<td class=\"column-1\">Ba\u015fiskele<\/td><td class=\"column-2\">Bulut Veteriner Klini\u011fi<\/td><td class=\"column-3\">Ferhat U\u011fur Bulut<\/td><td class=\"column-4\">5545511189<\/td><td class=\"column-5\">Barbaros Mah. Atat\u00fcrk Cad. No:40\/B. Ba\u015fiskele\/Kocaeli<\/td><td class=\"column-6\"><\/td><td class=\"column-7\">ferhatugurbulut@hotmail.com<\/td>\n<\/tr>\n<tr class=\"row-3\">\n\t<td class=\"column-1\">Dar\u0131ca<\/td><td class=\"column-2\">Bayramo\u011flu Karadeniz Veteriner Klini\u011fi <\/td><td class=\"column-3\">Burak Keser<\/td><td class=\"column-4\">5394317911<\/td><td class=\"column-5\">Bayramo\u011flu Mahallesi. Fatih Sultan Mehmet Caddesi. No:164\/A<\/td><td class=\"column-6\"><\/td><td class=\"column-7\">bayramoglukaradenizveteriner@gmail.com<\/td>\n<\/tr>\n<tr class=\"row-4\">\n\t<td class=\"column-1\">Dar\u0131ca<\/td><td class=\"column-2\">Dar\u0131ca Veteriner Klini\u011fi <\/td><td class=\"column-3\">Mustafa Elkan <\/td><td class=\"column-4\">5385861652<\/td><td class=\"column-5\">Kaz\u0131m Karabekir Mh. Atat\u00fcrk Cad. No:49\/A Dar\u0131ca\/Kocaeli<br \/>\n<\/td><td class=\"column-6\"><\/td><td class=\"column-7\">daricaveterinerhiz@gmail.com<\/td>\n<\/tr>\n<tr class=\"row-5\">\n\t<td class=\"column-1\">Derince<\/td><td class=\"column-2\">D\u00f6nmez Veteriner Klini\u011fi <\/td><td class=\"column-3\">Kadir D\u00f6nmez <\/td><td class=\"column-4\">5545575641<\/td><td class=\"column-5\">\u00c7avu\u015flu K\u00f6y\u00fc \u0130shak\u00e7\u0131lar Mevkii K\u00fcme Evleri No 35\/G <\/td><td class=\"column-6\"><\/td><td class=\"column-7\">Kadirdonmez41@gmail.com <\/td>\n<\/tr>\n<tr class=\"row-6\">\n\t<td class=\"column-1\">Derince<\/td><td class=\"column-2\">Merkez Veteriner Klini\u011fi<\/td><td class=\"column-3\">Serhan G\u00fcn\u00e7\u00fc<\/td><td class=\"column-4\">5335765487<\/td><td class=\"column-5\">\u00c7avu\u015flu Mah. \u0130shak\u00e7\u0131lar Mevkii , No2\/B<\/td><td class=\"column-6\"><\/td><td class=\"column-7\">serhanguncu@hotmail.com<\/td>\n<\/tr>\n<tr class=\"row-7\">\n\t<td class=\"column-1\">Derince<\/td><td class=\"column-2\">Ayy\u0131ld\u0131z Veteriner Klini\u011fi <\/td><td class=\"column-3\">Veteriner Hekim <\/td><td class=\"column-4\">5364505958<\/td><td class=\"column-5\">\u00c7avu\u015flu \u0130shak\u00e7\u0131lar K\u00f6y\u00fc 20\/C Derince Kocaeli <\/td><td class=\"column-6\"><\/td><td class=\"column-7\">mustafaocut41@gmail.com<\/td>\n<\/tr>\n<tr class=\"row-8\">\n\t<td class=\"column-1\">Gebze<\/td><td class=\"column-2\">Deva Veteriner Klini\u011fi <\/td><td class=\"column-3\">Tahir \u015eener <\/td><td class=\"column-4\">5358493379<\/td><td class=\"column-5\">Bal\u00e7\u0131k Mh. Atat\u00fcrk Cad. No: 3 Gebze Kocaeli <\/td><td class=\"column-6\"><\/td><td class=\"column-7\">tahirsener@gmail.com<\/td>\n<\/tr>\n<tr class=\"row-9\">\n\t<td class=\"column-1\">Gebze<\/td><td class=\"column-2\">Konak Veteriner Klini\u011fi<\/td><td class=\"column-3\">Yunus Emre Konak<\/td><td class=\"column-4\">2625031101<\/td><td class=\"column-5\">Mevlana Mahallesi Iss\u0131kg\u00f6l Caddesi No 99\/7 <\/td><td class=\"column-6\">www.konakvet.com<\/td><td class=\"column-7\">konakvet@gmail.com<\/td>\n<\/tr>\n<tr class=\"row-10\">\n\t<td class=\"column-1\">Gebze<\/td><td class=\"column-2\">Anadolu Veteriner Klini\u011fi<\/td><td class=\"column-3\">Emrah \u0130re\u00e7<\/td><td class=\"column-4\">5511925909<\/td><td class=\"column-5\">Mustafapa\u015fa Mahallesi 721. Sokak No:3\/A<\/td><td class=\"column-6\">anadoluvethiz.business.site<\/td><td class=\"column-7\">anadoluvethiz@gmail.com<\/td>\n<\/tr>\n<tr class=\"row-11\">\n\t<td class=\"column-1\">Gebze<\/td><td class=\"column-2\">Dora Veteriner Klini\u011fi <\/td><td class=\"column-3\">Ali Atiker<\/td><td class=\"column-4\">5422281732<\/td><td class=\"column-5\">G\u00fczeller Mahallesi Do\u011fan Caddesi No:17\/A Gebze\/Kocaeli <\/td><td class=\"column-6\">www.doraveteriner.com <\/td><td class=\"column-7\">info@doraveteriner.com <\/td>\n<\/tr>\n<tr class=\"row-12\">\n\t<td class=\"column-1\">Gebze<\/td><td class=\"column-2\">Fidan Veteriner Klini\u011fi <\/td><td class=\"column-3\">Adem Fidan <\/td><td class=\"column-4\">5304886143<\/td><td class=\"column-5\">Tatl\u0131kuyu Mah K\u00f6rfez Cad No 49\/A Gebze Kocaeli <\/td><td class=\"column-6\">fidanveteriner.com.tr<\/td><td class=\"column-7\">fidanveteriner@gmail.com<\/td>\n<\/tr>\n<tr class=\"row-13\">\n\t<td class=\"column-1\">Gebze<\/td><td class=\"column-2\">Feda Veteriner Klini\u011fi <\/td><td class=\"column-3\">Fatih Uruk<\/td><td class=\"column-4\">5382016047<\/td><td class=\"column-5\">Mustafapa\u015fa Mahallesi \u015eehit Y\u0131lmaz Arg\u0131n Caddesi No:18\/A<\/td><td class=\"column-6\">Fedaveteriner@gmail.com <\/td><td class=\"column-7\">Fedaveteriner@gmail.com <\/td>\n<\/tr>\n<tr class=\"row-14\">\n\t<td class=\"column-1\">Gebze<\/td><td class=\"column-2\">Sempatika Veteriner Klini\u011fi<\/td><td class=\"column-3\">Asl\u0131han Tezcaner<\/td><td class=\"column-4\">2629991820<\/td><td class=\"column-5\">Hac\u0131halil Mah. Y\u0131ld\u0131z Cad. No:19\/C Gebze Kocaeli<\/td><td class=\"column-6\">www.sempatikaveteriner.com<\/td><td class=\"column-7\">vetsempatika@gmail.com<\/td>\n<\/tr>\n<tr class=\"row-15\">\n\t<td class=\"column-1\">\u0130zmit<\/td><td class=\"column-2\">Uzman Veteriner Klini\u011fi<\/td><td class=\"column-3\">Zi\u015fan \u015eankazan K\u0131l\u0131\u00e7<\/td><td class=\"column-4\">5057236412<\/td><td class=\"column-5\">Yeni\u015fehir Mah. Demokrasi Bulv. No:58 \u0130zmit\/Kocaeli<\/td><td class=\"column-6\"><\/td><td class=\"column-7\">zisansankazan@gmail.com<\/td>\n<\/tr>\n<tr class=\"row-16\">\n\t<td class=\"column-1\">\u0130zmit<\/td><td class=\"column-2\">Kartepe Veteriner Klini\u011fi<\/td><td class=\"column-3\">G\u00f6rkem Do\u011fan<\/td><td class=\"column-4\">5353708916<\/td><td class=\"column-5\">Kad\u0131k\u00f6y Mahallesi Atat\u00fcrk Bulvar\u0131 No:14\/1<\/td><td class=\"column-6\">www.kartepeveteriner.com.tr<\/td><td class=\"column-7\">kartepe.veteriner@gmail.com<\/td>\n<\/tr>\n<tr class=\"row-17\">\n\t<td class=\"column-1\">\u0130zmit<\/td><td class=\"column-2\">Kocaeli Veteriner Klini\u011fi<\/td><td class=\"column-3\">Kamil \u015eeker<\/td><td class=\"column-4\">5333962829<\/td><td class=\"column-5\">K\u00f6rfez Mah Gazanfer Bilge Bulv No:9\/A<\/td><td class=\"column-6\"><\/td><td class=\"column-7\">ersadseker@hotmail.com<\/td>\n<\/tr>\n<tr class=\"row-18\">\n\t<td class=\"column-1\">\u0130zmit<\/td><td class=\"column-2\">Pasteur Veteriner Poliklini\u011fi<\/td><td class=\"column-3\">Ak\u0131n Ziya \u00dcnal <\/td><td class=\"column-4\">5412637881<\/td><td class=\"column-5\">Atat\u00fcrk Bul Kad\u0131k\u00f6y Mah No 61 \u0130zmit Kocaeli<\/td><td class=\"column-6\"><\/td><td class=\"column-7\">vetonderozturk@hotmail.com<\/td>\n<\/tr>\n<tr class=\"row-19\">\n\t<td class=\"column-1\">\u0130zmit<\/td><td class=\"column-2\">Vetkid Veteriner Klini\u011fi <\/td><td class=\"column-3\">Cihan Alt\u0131nta\u015f <\/td><td class=\"column-4\">5398224426<\/td><td class=\"column-5\">\u00d6mera\u011fa Mahallesi \u015eehabettin Bilgisu Caddesi No:87\/A<\/td><td class=\"column-6\"><\/td><td class=\"column-7\">vetkidveterinerklinigi@gmail.com <\/td>\n<\/tr>\n<tr class=\"row-20\">\n\t<td class=\"column-1\">\u0130zmit<\/td><td class=\"column-2\">Akay Veteriner Klini\u011fi<\/td><td class=\"column-3\">\u015eaban S\u0131dd\u0131k Akova<\/td><td class=\"column-4\">5322473111<\/td><td class=\"column-5\">Atat\u00fcrk Mah. Menderes Cad. No: 68 Akme\u015fe \u0130zmit\/Kocaeli<\/td><td class=\"column-6\"><\/td><td class=\"column-7\">Vet.hek.akova@hotmail.com<\/td>\n<\/tr>\n<tr class=\"row-21\">\n\t<td class=\"column-1\">\u0130zmit<\/td><td class=\"column-2\">Pasteur Veteriner Poliklini\u011fi<\/td><td class=\"column-3\">Ak\u00fcn Ziya \u00dcnal <\/td><td class=\"column-4\">5322637881<\/td><td class=\"column-5\">Atat\u00fcrk Bulvar\u0131 Kad\u0131k\u00f6y Mahallesi No 61 <\/td><td class=\"column-6\">www.pasteur.com.tr<\/td><td class=\"column-7\">akinziyaunal@gmail.com<\/td>\n<\/tr>\n<tr class=\"row-22\">\n\t<td class=\"column-1\">\u0130zmit<\/td><td class=\"column-2\">Ulu\u00e7ay Veteriner Klini\u011fi <\/td><td class=\"column-3\">Y\u00fcksel Ulucay<\/td><td class=\"column-4\">5322738775<\/td><td class=\"column-5\">Erenler Mahallesi  Eski \u0130stanbul Yolu Cad.No.1<\/td><td class=\"column-6\"><\/td><td class=\"column-7\">yukselulucay41@gmail.com<\/td>\n<\/tr>\n<tr class=\"row-23\">\n\t<td class=\"column-1\">\u0130zmit<\/td><td class=\"column-2\">Animalistan Veteriner Poliklini\u011fi<\/td><td class=\"column-3\">Aynur K\u00f6yba\u015f\u0131<\/td><td class=\"column-4\">5057556959<\/td><td class=\"column-5\">Yeni\u015fehir Mahallesi D\u00f6nmez Sokak No:8\/A<\/td><td class=\"column-6\">www.animalistan.com<\/td><td class=\"column-7\">info@animalistan.com<\/td>\n<\/tr>\n<tr class=\"row-24\">\n\t<td class=\"column-1\">\u0130zmit<\/td><td class=\"column-2\">Simurg Veteriner Klini\u011fi<\/td><td class=\"column-3\">Zeliha Tavuk\u00e7u<\/td><td class=\"column-4\">5419501632<\/td><td class=\"column-5\">Tepek\u00f6y Mahallesi Tepek\u00f6y Caddesi No:3\/D Kocaeli\/\u0130zmit<\/td><td class=\"column-6\">www.simurgveteriner.com<\/td><td class=\"column-7\">zeli.tav@hotmail.com<\/td>\n<\/tr>\n<tr class=\"row-25\">\n\t<td class=\"column-1\">\u0130zmit<\/td><td class=\"column-2\">Marmara Veterinerlik<\/td><td class=\"column-3\">Men\u015fure \u00d6zge Alt\u0131nay Y\u00fcce<\/td><td class=\"column-4\">2623239066<\/td><td class=\"column-5\">Kad\u0131k\u00f6y Mahallesi Ba\u011fdat Caddesi Esendal Sokak No:30 <\/td><td class=\"column-6\">www.marmaraveterinerlik.com<\/td><td class=\"column-7\">ozge75@hotmail.com<\/td>\n<\/tr>\n<tr class=\"row-26\">\n\t<td class=\"column-1\">\u0130zmit<\/td><td class=\"column-2\">Alpvet Veteriner Klini\u011fi <\/td><td class=\"column-3\">Mehmet Ali Alparslan <\/td><td class=\"column-4\">5539471129<\/td><td class=\"column-5\">Ali Kahya Fatih Mah Fener Sk No 26\/B1<\/td><td class=\"column-6\">www.alpvet.com <\/td><td class=\"column-7\">alpvet.veteriner@hotmail.com<\/td>\n<\/tr>\n<tr class=\"row-27\">\n\t<td class=\"column-1\">\u0130zmit<\/td><td class=\"column-2\">Central Perk Veteriner Klini\u011fi<\/td><td class=\"column-3\">Pelin Yal\u00e7\u0131n<\/td><td class=\"column-4\">5516486760<\/td><td class=\"column-5\">K\u00f6rfez Mah. \u015eehit Basri Sok. No:14<\/td><td class=\"column-6\">www.centralperkveterinerklinigi.com<\/td><td class=\"column-7\">centralperkvet@gmail.com<\/td>\n<\/tr>\n<tr class=\"row-28\">\n\t<td class=\"column-1\">\u0130zmit<\/td><td class=\"column-2\">\u0130zvet Veteriner Klinigi<\/td><td class=\"column-3\">Tercan Metin<\/td><td class=\"column-4\">2623311503<\/td><td class=\"column-5\">Kadikoy Mahallesi Atat\u00fcrk Bulvar\u0131 No:97\/A<\/td><td class=\"column-6\">izvet.com<\/td><td class=\"column-7\">izvetklinik@gmail.com<\/td>\n<\/tr>\n<tr class=\"row-29\">\n\t<td class=\"column-1\">Kand\u0131ra<\/td><td class=\"column-2\">Oktar Veteriner Klini\u011fi<\/td><td class=\"column-3\">Serkan Oktar<\/td><td class=\"column-4\">5340797701<\/td><td class=\"column-5\">\u00c7ar\u015f\u0131 Mahallesi Orhangazi Caddesi No.3A <br \/>\nKand\u0131ra Kocaeli <\/td><td class=\"column-6\"><\/td><td class=\"column-7\">serkanoktar97@gmail.com<\/td>\n<\/tr>\n<tr class=\"row-30\">\n\t<td class=\"column-1\">Kand\u0131ra<\/td><td class=\"column-2\">Kandira Veteriner Klinigi<\/td><td class=\"column-3\">Fahri \u015een<\/td><td class=\"column-4\">02625516660 - 5322900000<\/td><td class=\"column-5\">Orhan Mah \u0130n\u00f6n\u00fc Caddesi No 21 A Kandira<\/td><td class=\"column-6\"><\/td><td class=\"column-7\"> <\/td>\n<\/tr>\n<tr class=\"row-31\">\n\t<td class=\"column-1\">Karam\u00fcrsel<\/td><td class=\"column-2\">Ezgi Veteriner Klini\u011fi <\/td><td class=\"column-3\">Vet.Hek. \u00d6mer Karaman <\/td><td class=\"column-4\">5531088257<\/td><td class=\"column-5\">Yalakdere Mah. K\u0131rkp\u0131nar Cad. No:45\/B<\/td><td class=\"column-6\">Instagram : @ezgiveterinerklinigi<\/td><td class=\"column-7\">omerkaraman9901@gmail.com<\/td>\n<\/tr>\n<tr class=\"row-32\">\n\t<td class=\"column-1\">Kartepe<\/td><td class=\"column-2\">\u00d6yk\u00fcm Veteriner Klini\u011fi <\/td><td class=\"column-3\">\u00d6yk\u00fc Keskin Y\u0131lmaz<\/td><td class=\"column-4\">5494784141<\/td><td class=\"column-5\">Fatih Sultan Mehmet Mahallesi Demokrasi Caddesi 48A<\/td><td class=\"column-6\"><\/td><td class=\"column-7\">oykumvet@gmail.com<\/td>\n<\/tr>\n<tr class=\"row-33\">\n\t<td class=\"column-1\">K\u00f6rfez<\/td><td class=\"column-2\">Vethome Veteriner Klini\u011fi <\/td><td class=\"column-3\">Vet Med Dr.Ahmet Zeki Emrelli<\/td><td class=\"column-4\">05326130098-02625262021<\/td><td class=\"column-5\">Barbaros Mahallesi E\u015fref Bitlis Caddesi Muda\u015f \u0130\u015f Merkezi No 147\/C<\/td><td class=\"column-6\">Vethome.net<\/td><td class=\"column-7\">a.z.emrelli@hotmail.com<\/td>\n<\/tr>\n<tr class=\"row-34\">\n\t<td class=\"column-1\">K\u00f6rfez<\/td><td class=\"column-2\">\u015een Veteriner Klini\u011fi<\/td><td class=\"column-3\">Cemal Alpay<\/td><td class=\"column-4\">5334342299<\/td><td class=\"column-5\">Esentepe Mh. H.Kaplan Bl. No.187\/A<\/td><td class=\"column-6\"><\/td><td class=\"column-7\">alpaycemal@hotmail.com<\/td>\n<\/tr>\n<\/tbody>\n<\/table>\n<!-- #tablepress-1 from cache -->\n<\/div><\/div>\n","protected":false},"excerpt":{"rendered":"","protected":false},"author":1,"featured_media":0,"parent":0,"menu_order":0,"comment_status":"closed","ping_status":"closed","template":"","meta":{"footnotes":""},"class_list":["post-73","page","type-page","status-publish","hentry"],"_links":{"self":[{"href":"https:\/\/www.kocaelivho.org.tr\/index.php?rest_route=\/wp\/v2\/pages\/73","targetHints":{"allow":["GET"]}}],"collection":[{"href":"https:\/\/www.kocaelivho.org.tr\/index.php?rest_route=\/wp\/v2\/pages"}],"about":[{"href":"https:\/\/www.kocaelivho.org.tr\/index.php?rest_route=\/wp\/v2\/types\/page"}],"author":[{"embeddable":true,"href":"https:\/\/www.kocaelivho.org.tr\/index.php?rest_route=\/wp\/v2\/users\/1"}],"replies":[{"embeddable":true,"href":"https:\/\/www.kocaelivho.org.tr\/index.php?rest_route=%2Fwp%2Fv2%2Fcomments&post=73"}],"version-history":[{"count":4,"href":"https:\/\/www.kocaelivho.org.tr\/index.php?rest_route=\/wp\/v2\/pages\/73\/revisions"}],"predecessor-version":[{"id":464,"href":"https:\/\/www.kocaelivho.org.tr\/index.php?rest_route=\/wp\/v2\/pages\/73\/revisions\/464"}],"wp:attachment":[{"href":"https:\/\/www.kocaelivho.org.tr\/index.php?rest_route=%2Fwp%2Fv2%2Fmedia&parent=73"}],"curies":[{"name":"wp","href":"https:\/\/api.w.org\/{rel}","templated":true}]}}