{"id":79,"date":"2022-04-21T00:15:25","date_gmt":"2022-04-20T21:15:25","guid":{"rendered":"http:\/\/kocaelivho.org.tr\/?page_id=79"},"modified":"2025-10-08T16:58:09","modified_gmt":"2025-10-08T13:58:09","slug":"iletisim","status":"publish","type":"page","link":"https:\/\/www.kocaelivho.org.tr\/?page_id=79","title":{"rendered":"\u0130LET\u0130\u015e\u0130M"},"content":{"rendered":"\n<div class=\"wp-block-columns is-layout-flex wp-container-core-columns-is-layout-28f84493 wp-block-columns-is-layout-flex\">\n<div class=\"wp-block-column is-layout-flow wp-block-column-is-layout-flow\">\n<p>\u0130leti\u015fim Bilgileri<\/p>\n\n\n\n<p>Telefon:  <a href=\"tel:902623221170\">+90 (262) 322\u20131170<\/a><\/p>\n\n\n\n<p>Mobil: <a href=\"tel:905423221170\">+90 (542) 322\u20131170<\/a><\/p>\n\n\n\n<p>Eposta: <a href=\"mailto:info@kocaelivho.org.tr\">info@kocaelivho.org.tr<\/a><\/p>\n\n\n\n<p>Adres: <a href=\"maps:https:\/\/maps.app.goo.gl\/a9CZV2ZyuijtMNsB9\" data-type=\"link\" data-id=\"maps:https:\/\/www.google.com\/maps\/embed?pb=!1m18!1m12!1m3!1d1068.3482544280225!2d29.94264649686368!3d40.76762897235828!2m3!1f0!2f0!3f0!3m2!1i1024!2i768!4f13.1!3m3!1m2!1s0x14cb4fd18765558f%3A0x6e052c4cb25b35f9!2sKocaeli%20Veteriner%20Hekimleri%20Odas%C4%B1!5e0!3m2!1str!2str!4v1650520451564!5m2!1str!2str\">Mars AVM, Yahyakaptan, Kara Yolu Cd. No:26 Kat:3 Daire No:80, 41050 \u0130zmit\/Kocaeli 6.Giri\u015f kap\u0131s\u0131<\/a><\/p>\n<\/div>\n\n\n\n<div class=\"wp-block-column is-layout-flow wp-block-column-is-layout-flow\">\n<iframe src=\"https:\/\/www.google.com\/maps\/embed?pb=!1m18!1m12!1m3!1d1068.3482544280225!2d29.94264649686368!3d40.76762897235828!2m3!1f0!2f0!3f0!3m2!1i1024!2i768!4f13.1!3m3!1m2!1s0x14cb4fd18765558f%3A0x6e052c4cb25b35f9!2sKocaeli%20Veteriner%20Hekimleri%20Odas%C4%B1!5e0!3m2!1str!2str!4v1650520451564!5m2!1str!2str\" width=\"600\" height=\"450\" style=\"border:0;\" allowfullscreen=\"\" loading=\"lazy\" referrerpolicy=\"no-referrer-when-downgrade\"><\/iframe>\n<\/div>\n<\/div>\n","protected":false},"excerpt":{"rendered":"<p>\u0130leti\u015fim Bilgileri Telefon: +90 (262) 322\u20131170 Mobil: +90 (542) 322\u20131170 Eposta: info@kocaelivho.org.tr Adres: Mars AVM, Yahyakaptan, Kara Yolu Cd. No:26 Kat:3 Daire No:80, 41050 \u0130zmit\/Kocaeli 6.Giri\u015f kap\u0131s\u0131<\/p>\n","protected":false},"author":1,"featured_media":0,"parent":0,"menu_order":0,"comment_status":"closed","ping_status":"closed","template":"","meta":{"footnotes":""},"class_list":["post-79","page","type-page","status-publish","hentry"],"_links":{"self":[{"href":"https:\/\/www.kocaelivho.org.tr\/index.php?rest_route=\/wp\/v2\/pages\/79","targetHints":{"allow":["GET"]}}],"collection":[{"href":"https:\/\/www.kocaelivho.org.tr\/index.php?rest_route=\/wp\/v2\/pages"}],"about":[{"href":"https:\/\/www.kocaelivho.org.tr\/index.php?rest_route=\/wp\/v2\/types\/page"}],"author":[{"embeddable":true,"href":"https:\/\/www.kocaelivho.org.tr\/index.php?rest_route=\/wp\/v2\/users\/1"}],"replies":[{"embeddable":true,"href":"https:\/\/www.kocaelivho.org.tr\/index.php?rest_route=%2Fwp%2Fv2%2Fcomments&post=79"}],"version-history":[{"count":10,"href":"https:\/\/www.kocaelivho.org.tr\/index.php?rest_route=\/wp\/v2\/pages\/79\/revisions"}],"predecessor-version":[{"id":1380,"href":"https:\/\/www.kocaelivho.org.tr\/index.php?rest_route=\/wp\/v2\/pages\/79\/revisions\/1380"}],"wp:attachment":[{"href":"https:\/\/www.kocaelivho.org.tr\/index.php?rest_route=%2Fwp%2Fv2%2Fmedia&parent=79"}],"curies":[{"name":"wp","href":"https:\/\/api.w.org\/{rel}","templated":true}]}}